{"id":1024,"date":"2025-12-09T11:13:03","date_gmt":"2025-12-09T11:13:03","guid":{"rendered":"https:\/\/www.bvtaipas.com\/site\/?page_id=1024"},"modified":"2025-12-09T12:14:00","modified_gmt":"2025-12-09T12:14:00","slug":"museu","status":"publish","type":"page","link":"https:\/\/www.bvtaipas.com\/site\/museu\/","title":{"rendered":"Museu"},"content":{"rendered":"\t\t<div data-elementor-type=\"wp-page\" data-elementor-id=\"1024\" class=\"elementor elementor-1024\" data-elementor-post-type=\"page\">\n\t\t\t\t<div class=\"elementor-element elementor-element-cbcd9a6 e-flex e-con-boxed e-con e-parent\" data-id=\"cbcd9a6\" data-element_type=\"container\">\n\t\t\t\t\t<div class=\"e-con-inner\">\n\t\t<div class=\"elementor-element elementor-element-5d0aa23 e-con-full e-flex e-con e-child\" data-id=\"5d0aa23\" data-element_type=\"container\">\n\t\t<div class=\"elementor-element elementor-element-2995ed7 e-con-full e-flex e-con e-child\" data-id=\"2995ed7\" data-element_type=\"container\">\n\t\t\t\t<div class=\"elementor-element elementor-element-d2c5e54 elementor-widget elementor-widget-image\" data-id=\"d2c5e54\" data-element_type=\"widget\" data-widget_type=\"image.default\">\n\t\t\t\t\t\t\t\t\t\t\t\t\t\t\t<img decoding=\"async\" width=\"226\" height=\"60\" src=\"https:\/\/www.bvtaipas.com\/site\/wp-content\/uploads\/2025\/12\/Museu_AHBVT.svg\" class=\"attachment-large size-large wp-image-1027\" alt=\"\" \/>\t\t\t\t\t\t\t\t\t\t\t\t\t\t\t<\/div>\n\t\t\t\t<div class=\"elementor-element elementor-element-a1f42cb elementor-widget elementor-widget-text-editor\" data-id=\"a1f42cb\" data-element_type=\"widget\" data-widget_type=\"text-editor.default\">\n\t\t\t\t\t\t\t\t\t<p class=\"p1\">O <strong>Museu Padre Jos\u00e9 das Neves Machado<\/strong>, situado na ala poente do quartel dos Bombeiros Volunt\u00e1rios das Caldas das Taipas, \u00e9 um espa\u00e7o dedicado \u00e0 preserva\u00e7\u00e3o da mem\u00f3ria e da identidade desta hist\u00f3rica corpora\u00e7\u00e3o. O seu nome homenageia o Padre Jos\u00e9 Neves Machado, figura essencial da institui\u00e7\u00e3o, que a liderou com dedica\u00e7\u00e3o exemplar durante cerca de tr\u00eas d\u00e9cadas.<\/p><p>\u00a0<\/p><p class=\"p1\">Inaugurado a <strong>1 de maio de 2018<\/strong>, no \u00e2mbito das comemora\u00e7\u00f5es do <strong>131.\u00ba anivers\u00e1rio<\/strong> da Associa\u00e7\u00e3o, o museu nasceu do compromisso coletivo de valorizar o passado dos bombeiros taipenses. Ocupa aproximadamente 300 m\u00b2 distribu\u00eddos por dois pisos: no piso inferior, destaca-se a exposi\u00e7\u00e3o dedicada ao esp\u00f3lio operacional e hist\u00f3rico, e no piso superior, encontram-se reunidas oferendas, medalhas e objetos simb\u00f3licos de grande significado patrimonial.<\/p><p>\u00a0<\/p><p class=\"p1\">O acervo, resultado de um rigoroso trabalho de inventaria\u00e7\u00e3o, re\u00fane pe\u00e7as emblem\u00e1ticas como o ve\u00edculo STUDEBAKER, motobombas, uma bomba manual, a carro\u00e7a hist\u00f3rica, miniaturas de viaturas de bombeiros, fardamento, equipamentos operacionais, medalh\u00edstica, galhardetes e importantes documentos da corpora\u00e7\u00e3o. A cole\u00e7\u00e3o foi enriquecida pela generosa doa\u00e7\u00e3o de Jos\u00e9 Cust\u00f3dio de Matos Freitas, cujo esp\u00f3lio inclui ferragens antigas, vitrinas, um cadeir\u00e3o de tr\u00eas gera\u00e7\u00f5es e diversas imagens religiosas.<\/p><p>\u00a0<\/p><p class=\"p1\">Mais do que um espa\u00e7o expositivo, o Museu Padre Jos\u00e9 das Neves Machado assume a miss\u00e3o de preservar e celebrar a hist\u00f3ria dos Bombeiros Volunt\u00e1rios das Caldas das Taipas, promovendo o orgulho institucional, a educa\u00e7\u00e3o patrimonial e o envolvimento da comunidade com o legado do voluntariado e da prote\u00e7\u00e3o civil.<\/p>\t\t\t\t\t\t\t\t<\/div>\n\t\t\t\t<\/div>\n\t\t<div class=\"elementor-element elementor-element-4170cbd e-con-full e-flex e-con e-child\" data-id=\"4170cbd\" data-element_type=\"container\">\n\t\t\t\t<div class=\"elementor-element elementor-element-faf263d elementor-widget elementor-widget-heading\" data-id=\"faf263d\" data-element_type=\"widget\" data-widget_type=\"heading.default\">\n\t\t\t\t\t<h2 class=\"elementor-heading-title elementor-size-default\">Contactos<\/h2>\t\t\t\t<\/div>\n\t\t<div class=\"elementor-element elementor-element-cfe826e e-con-full e-flex e-con e-child\" data-id=\"cfe826e\" data-element_type=\"container\">\n\t\t\t\t<div class=\"elementor-element elementor-element-d6b3cdc elementor-widget elementor-widget-button\" data-id=\"d6b3cdc\" data-element_type=\"widget\" data-widget_type=\"button.default\">\n\t\t\t\t\t\t\t\t\t\t<a class=\"elementor-button elementor-button-link elementor-size-sm\" href=\"tel:253577483\">\n\t\t\t\t\t\t<span class=\"elementor-button-content-wrapper\">\n\t\t\t\t\t\t<span class=\"elementor-button-icon\">\n\t\t\t\t<svg xmlns=\"http:\/\/www.w3.org\/2000\/svg\" width=\"13\" height=\"13\" viewBox=\"0 0 13 13\" fill=\"none\"><path d=\"M8.78906 6.53906L11.4141 7.66406C11.8359 7.82812 12.0703 8.27344 11.9766 8.71875L11.4141 11.3438C11.3203 11.7656 10.9219 12.0938 10.5 12.0938C10.3359 12.0938 10.1953 12.0703 10.0547 12.0703C9.82031 12.0703 9.58594 12.0469 9.375 12.0234C4.10156 11.4609 0 7.00781 0 1.57031C0 1.14844 0.304688 0.75 0.726562 0.65625L3.35156 0.09375C3.79688 0 4.24219 0.234375 4.40625 0.65625L5.53125 3.28125C5.69531 3.65625 5.60156 4.10156 5.27344 4.35938L4.3125 5.15625C4.94531 6.23438 5.83594 7.125 6.91406 7.75781L7.71094 6.79688C7.96875 6.46875 8.41406 6.375 8.78906 6.53906ZM10.3359 10.9453L10.8281 8.625L8.48438 7.61719L7.80469 8.46094C7.45312 8.88281 6.84375 9 6.35156 8.71875C5.10938 7.99219 4.07812 6.96094 3.35156 5.71875C3.07031 5.22656 3.1875 4.61719 3.60938 4.26562L4.45312 3.58594L3.44531 1.24219L1.125 1.73438C1.19531 6.79688 5.27344 10.875 10.3359 10.9453Z\" fill=\"#BF733A\"><\/path><\/svg>\t\t\t<\/span>\n\t\t\t\t\t\t\t\t\t<span class=\"elementor-button-text\">253 577 483*<\/span>\n\t\t\t\t\t<\/span>\n\t\t\t\t\t<\/a>\n\t\t\t\t\t\t\t\t<\/div>\n\t\t\t\t<div class=\"elementor-element elementor-element-490672a elementor-widget elementor-widget-button\" data-id=\"490672a\" data-element_type=\"widget\" data-widget_type=\"button.default\">\n\t\t\t\t\t\t\t\t\t\t<a class=\"elementor-button elementor-button-link elementor-size-sm\" href=\"mailto:secretaria@bvtaipas.com\">\n\t\t\t\t\t\t<span class=\"elementor-button-content-wrapper\">\n\t\t\t\t\t\t<span class=\"elementor-button-icon\">\n\t\t\t\t<svg xmlns=\"http:\/\/www.w3.org\/2000\/svg\" width=\"12\" height=\"9\" viewBox=\"0 0 12 9\" fill=\"none\"><path d=\"M1.5 1.125C1.28906 1.125 1.125 1.3125 1.125 1.5V2.03906L5.15625 5.34375C5.64844 5.74219 6.32812 5.74219 6.82031 5.34375L10.875 2.03906V1.5C10.875 1.3125 10.6875 1.125 10.5 1.125H1.5ZM1.125 3.49219V7.5C1.125 7.71094 1.28906 7.875 1.5 7.875H10.5C10.6875 7.875 10.875 7.71094 10.875 7.5V3.49219L7.54688 6.21094C6.63281 6.96094 5.34375 6.96094 4.45312 6.21094L1.125 3.49219ZM0 1.5C0 0.679688 0.65625 0 1.5 0H10.5C11.3203 0 12 0.679688 12 1.5V7.5C12 8.34375 11.3203 9 10.5 9H1.5C0.65625 9 0 8.34375 0 7.5V1.5Z\" fill=\"#BF733A\"><\/path><\/svg>\t\t\t<\/span>\n\t\t\t\t\t\t\t\t\t<span class=\"elementor-button-text\">secretaria@bvtaipas.com<\/span>\n\t\t\t\t\t<\/span>\n\t\t\t\t\t<\/a>\n\t\t\t\t\t\t\t\t<\/div>\n\t\t\t\t<\/div>\n\t\t\t\t<div class=\"elementor-element elementor-element-a56d127 elementor-widget elementor-widget-text-editor\" data-id=\"a56d127\" data-element_type=\"widget\" data-widget_type=\"text-editor.default\">\n\t\t\t\t\t\t\t\t\t<p>*Chamada para rede fixa m\u00f3vel<\/p>\t\t\t\t\t\t\t\t<\/div>\n\t\t\t\t<\/div>\n\t\t\t\t<\/div>\n\t\t<div class=\"elementor-element elementor-element-7245f13 e-con-full e-flex e-con e-child\" data-id=\"7245f13\" data-element_type=\"container\">\n\t\t<div class=\"elementor-element elementor-element-14e0838 e-con-full e-flex e-con e-child\" data-id=\"14e0838\" data-element_type=\"container\">\n\t\t\t\t<div class=\"elementor-element elementor-element-7bc0063 elementor-arrows-position-inside elementor-widget elementor-widget-image-carousel\" data-id=\"7bc0063\" data-element_type=\"widget\" data-settings=\"{&quot;slides_to_show&quot;:&quot;1&quot;,&quot;navigation&quot;:&quot;arrows&quot;,&quot;autoplay_speed&quot;:2500,&quot;autoplay&quot;:&quot;yes&quot;,&quot;pause_on_hover&quot;:&quot;yes&quot;,&quot;pause_on_interaction&quot;:&quot;yes&quot;,&quot;infinite&quot;:&quot;yes&quot;,&quot;effect&quot;:&quot;slide&quot;,&quot;speed&quot;:500}\" data-widget_type=\"image-carousel.default\">\n\t\t\t\t\t\t\t<div class=\"elementor-image-carousel-wrapper swiper\" role=\"region\" aria-roledescription=\"carousel\" aria-label=\"Carrossel de imagens\" dir=\"ltr\">\n\t\t\t<div class=\"elementor-image-carousel swiper-wrapper swiper-image-stretch\" aria-live=\"off\">\n\t\t\t\t\t\t\t\t<div class=\"swiper-slide\" role=\"group\" aria-roledescription=\"slide\" aria-label=\"1 of 5\"><figure class=\"swiper-slide-inner\"><img decoding=\"async\" class=\"swiper-slide-image\" src=\"https:\/\/www.bvtaipas.com\/site\/wp-content\/uploads\/2025\/12\/a01666c1-e9c6-45b4-95bf-c5f6818150fe.jpg\" alt=\"a01666c1-e9c6-45b4-95bf-c5f6818150fe\" \/><\/figure><\/div><div class=\"swiper-slide\" role=\"group\" aria-roledescription=\"slide\" aria-label=\"2 of 5\"><figure class=\"swiper-slide-inner\"><img decoding=\"async\" class=\"swiper-slide-image\" src=\"https:\/\/www.bvtaipas.com\/site\/wp-content\/uploads\/2025\/12\/Studebaker.jpg\" alt=\"Intel(R) JPEG Library, version 1,5,4,36\" \/><\/figure><\/div><div class=\"swiper-slide\" role=\"group\" aria-roledescription=\"slide\" aria-label=\"3 of 5\"><figure class=\"swiper-slide-inner\"><img decoding=\"async\" class=\"swiper-slide-image\" src=\"https:\/\/www.bvtaipas.com\/site\/wp-content\/uploads\/2025\/12\/motobomba.jpg\" alt=\"motobomba\" \/><\/figure><\/div><div class=\"swiper-slide\" role=\"group\" aria-roledescription=\"slide\" aria-label=\"4 of 5\"><figure class=\"swiper-slide-inner\"><img decoding=\"async\" class=\"swiper-slide-image\" src=\"https:\/\/www.bvtaipas.com\/site\/wp-content\/uploads\/2025\/12\/DXK.-1.jpg\" alt=\"DXK. (1)\" \/><\/figure><\/div><div class=\"swiper-slide\" role=\"group\" aria-roledescription=\"slide\" aria-label=\"5 of 5\"><figure class=\"swiper-slide-inner\"><img decoding=\"async\" class=\"swiper-slide-image\" src=\"https:\/\/www.bvtaipas.com\/site\/wp-content\/uploads\/2025\/12\/carroca1.jpg\" alt=\"carroc\u0327a1\" \/><\/figure><\/div>\t\t\t<\/div>\n\t\t\t\t\t\t\t\t\t\t\t\t<div class=\"elementor-swiper-button elementor-swiper-button-prev\" role=\"button\" tabindex=\"0\">\n\t\t\t\t\t\t<svg aria-hidden=\"true\" class=\"e-font-icon-svg e-eicon-chevron-left\" viewBox=\"0 0 1000 1000\" xmlns=\"http:\/\/www.w3.org\/2000\/svg\"><path d=\"M646 125C629 125 613 133 604 142L308 442C296 454 292 471 292 487 292 504 296 521 308 533L604 854C617 867 629 875 646 875 663 875 679 871 692 858 704 846 713 829 713 812 713 796 708 779 692 767L438 487 692 225C700 217 708 204 708 187 708 171 704 154 692 142 675 129 663 125 646 125Z\"><\/path><\/svg>\t\t\t\t\t<\/div>\n\t\t\t\t\t<div class=\"elementor-swiper-button elementor-swiper-button-next\" role=\"button\" tabindex=\"0\">\n\t\t\t\t\t\t<svg aria-hidden=\"true\" class=\"e-font-icon-svg e-eicon-chevron-right\" viewBox=\"0 0 1000 1000\" xmlns=\"http:\/\/www.w3.org\/2000\/svg\"><path d=\"M696 533C708 521 713 504 713 487 713 471 708 454 696 446L400 146C388 133 375 125 354 125 338 125 325 129 313 142 300 154 292 171 292 187 292 204 296 221 308 233L563 492 304 771C292 783 288 800 288 817 288 833 296 850 308 863 321 871 338 875 354 875 371 875 388 867 400 854L696 533Z\"><\/path><\/svg>\t\t\t\t\t<\/div>\n\t\t\t\t\n\t\t\t\t\t\t\t\t\t<\/div>\n\t\t\t\t\t\t<\/div>\n\t\t\t\t<\/div>\n\t\t\t\t<\/div>\n\t\t\t\t\t<\/div>\n\t\t\t\t<\/div>\n\t\t\t\t<\/div>\n\t\t","protected":false},"excerpt":{"rendered":"<p>O Museu Padre Jos\u00e9 das Neves Machado, situado na ala poente do quartel dos Bombeiros Volunt\u00e1rios das Caldas das Taipas, \u00e9 um espa\u00e7o dedicado \u00e0 preserva\u00e7\u00e3o da mem\u00f3ria e da identidade desta hist\u00f3rica corpora\u00e7\u00e3o. O seu nome homenageia o Padre Jos\u00e9 Neves Machado, figura essencial da institui\u00e7\u00e3o, que a liderou com dedica\u00e7\u00e3o exemplar durante cerca [&hellip;]<\/p>\n","protected":false},"author":2,"featured_media":0,"parent":0,"menu_order":0,"comment_status":"closed","ping_status":"closed","template":"","meta":{"_acf_changed":false,"footnotes":""},"class_list":["post-1024","page","type-page","status-publish","hentry"],"acf":[],"_links":{"self":[{"href":"https:\/\/www.bvtaipas.com\/site\/wp-json\/wp\/v2\/pages\/1024","targetHints":{"allow":["GET"]}}],"collection":[{"href":"https:\/\/www.bvtaipas.com\/site\/wp-json\/wp\/v2\/pages"}],"about":[{"href":"https:\/\/www.bvtaipas.com\/site\/wp-json\/wp\/v2\/types\/page"}],"author":[{"embeddable":true,"href":"https:\/\/www.bvtaipas.com\/site\/wp-json\/wp\/v2\/users\/2"}],"replies":[{"embeddable":true,"href":"https:\/\/www.bvtaipas.com\/site\/wp-json\/wp\/v2\/comments?post=1024"}],"version-history":[{"count":13,"href":"https:\/\/www.bvtaipas.com\/site\/wp-json\/wp\/v2\/pages\/1024\/revisions"}],"predecessor-version":[{"id":1104,"href":"https:\/\/www.bvtaipas.com\/site\/wp-json\/wp\/v2\/pages\/1024\/revisions\/1104"}],"wp:attachment":[{"href":"https:\/\/www.bvtaipas.com\/site\/wp-json\/wp\/v2\/media?parent=1024"}],"curies":[{"name":"wp","href":"https:\/\/api.w.org\/{rel}","templated":true}]}}