{"id":38,"date":"2025-12-02T16:34:36","date_gmt":"2025-12-02T16:34:36","guid":{"rendered":"https:\/\/www.bvtaipas.com\/site\/?page_id=38"},"modified":"2026-01-05T10:28:55","modified_gmt":"2026-01-05T10:28:55","slug":"orgaos-sociais","status":"publish","type":"page","link":"https:\/\/www.bvtaipas.com\/site\/orgaos-sociais\/","title":{"rendered":"Org\u00e3os Sociais"},"content":{"rendered":"\t\t<div data-elementor-type=\"wp-page\" data-elementor-id=\"38\" class=\"elementor elementor-38\" data-elementor-post-type=\"page\">\n\t\t\t\t<div class=\"elementor-element elementor-element-4835e40 e-flex e-con-boxed e-con e-parent\" data-id=\"4835e40\" data-element_type=\"container\">\n\t\t\t\t\t<div class=\"e-con-inner\">\n\t\t\t\t<div class=\"elementor-element elementor-element-0090b5b elementor-widget elementor-widget-heading\" data-id=\"0090b5b\" data-element_type=\"widget\" data-widget_type=\"heading.default\">\n\t\t\t\t\t<h2 class=\"elementor-heading-title elementor-size-default\">\u00d3rg\u00e3os Sociais<\/h2>\t\t\t\t<\/div>\n\t\t<div class=\"elementor-element elementor-element-93d2f71 e-con-full e-flex e-con e-child\" data-id=\"93d2f71\" data-element_type=\"container\">\n\t\t<div class=\"elementor-element elementor-element-463cdb3 e-con-full e-flex e-con e-child\" data-id=\"463cdb3\" data-element_type=\"container\">\n\t\t\t\t<div class=\"elementor-element elementor-element-466152a elementor-widget elementor-widget-heading\" data-id=\"466152a\" data-element_type=\"widget\" data-widget_type=\"heading.default\">\n\t\t\t\t\t<h2 class=\"elementor-heading-title elementor-size-default\">Mesa da Assembleia Geral<\/h2>\t\t\t\t<\/div>\n\t\t<div class=\"elementor-element elementor-element-4a34f71 e-con-full e-flex e-con e-child\" data-id=\"4a34f71\" data-element_type=\"container\">\n\t\t<div class=\"elementor-element elementor-element-d869fa6 e-con-full e-flex e-con e-child\" data-id=\"d869fa6\" data-element_type=\"container\">\n\t\t\t\t<div class=\"elementor-element elementor-element-38b07c7 elementor-widget elementor-widget-text-editor\" data-id=\"38b07c7\" data-element_type=\"widget\" data-widget_type=\"text-editor.default\">\n\t\t\t\t\t\t\t\t\t<p>Presidente<\/p>\t\t\t\t\t\t\t\t<\/div>\n\t\t\t\t<div class=\"elementor-element elementor-element-f910776 elementor-widget elementor-widget-text-editor\" data-id=\"f910776\" data-element_type=\"widget\" data-widget_type=\"text-editor.default\">\n\t\t\t\t\t\t\t\t\t<p>Jos\u00e9 Lu\u00eds da Silva Azevedo Oliveira<\/p>\t\t\t\t\t\t\t\t<\/div>\n\t\t\t\t<\/div>\n\t\t<div class=\"elementor-element elementor-element-efeebaf e-con-full e-flex e-con e-child\" data-id=\"efeebaf\" data-element_type=\"container\">\n\t\t\t\t<div class=\"elementor-element elementor-element-7ba260a elementor-widget elementor-widget-text-editor\" data-id=\"7ba260a\" data-element_type=\"widget\" data-widget_type=\"text-editor.default\">\n\t\t\t\t\t\t\t\t\t<p>Vice-Presidente<\/p>\t\t\t\t\t\t\t\t<\/div>\n\t\t\t\t<div class=\"elementor-element elementor-element-9df7a61 elementor-widget elementor-widget-text-editor\" data-id=\"9df7a61\" data-element_type=\"widget\" data-widget_type=\"text-editor.default\">\n\t\t\t\t\t\t\t\t\t<p>Porf\u00edrio de Oliveira Martinho<\/p>\t\t\t\t\t\t\t\t<\/div>\n\t\t\t\t<\/div>\n\t\t<div class=\"elementor-element elementor-element-6186de4 e-con-full e-flex e-con e-child\" data-id=\"6186de4\" data-element_type=\"container\">\n\t\t\t\t<div class=\"elementor-element elementor-element-cb93f6e elementor-widget elementor-widget-text-editor\" data-id=\"cb93f6e\" data-element_type=\"widget\" data-widget_type=\"text-editor.default\">\n\t\t\t\t\t\t\t\t\t<p>1\u00ba Secret\u00e1rio<\/p>\t\t\t\t\t\t\t\t<\/div>\n\t\t\t\t<div class=\"elementor-element elementor-element-eaf5488 elementor-widget elementor-widget-text-editor\" data-id=\"eaf5488\" data-element_type=\"widget\" data-widget_type=\"text-editor.default\">\n\t\t\t\t\t\t\t\t\t<p>Jos\u00e9 Alexandre Maia Freitas<\/p>\t\t\t\t\t\t\t\t<\/div>\n\t\t\t\t<\/div>\n\t\t<div class=\"elementor-element elementor-element-6e8d08a e-con-full e-flex e-con e-child\" data-id=\"6e8d08a\" data-element_type=\"container\">\n\t\t\t\t<div class=\"elementor-element elementor-element-7a1a858 elementor-widget elementor-widget-text-editor\" data-id=\"7a1a858\" data-element_type=\"widget\" data-widget_type=\"text-editor.default\">\n\t\t\t\t\t\t\t\t\t<p>Dion\u00edsio Cardoso Ribeiro<\/p>\t\t\t\t\t\t\t\t<\/div>\n\t\t\t\t<div class=\"elementor-element elementor-element-e8c805f elementor-widget elementor-widget-text-editor\" data-id=\"e8c805f\" data-element_type=\"widget\" data-widget_type=\"text-editor.default\">\n\t\t\t\t\t\t\t\t\t<p>Dion\u00edsio Cardoso Ribeiro<\/p>\t\t\t\t\t\t\t\t<\/div>\n\t\t\t\t<\/div>\n\t\t\t\t<\/div>\n\t\t\t\t<\/div>\n\t\t<div class=\"elementor-element elementor-element-64ea7c0 e-con-full e-flex e-con e-child\" data-id=\"64ea7c0\" data-element_type=\"container\">\n\t\t\t\t<div class=\"elementor-element elementor-element-a7ca8ec elementor-widget elementor-widget-heading\" data-id=\"a7ca8ec\" data-element_type=\"widget\" data-widget_type=\"heading.default\">\n\t\t\t\t\t<h2 class=\"elementor-heading-title elementor-size-default\">Dire\u00e7\u00e3o<\/h2>\t\t\t\t<\/div>\n\t\t<div class=\"elementor-element elementor-element-0b85b59 e-con-full e-flex e-con e-child\" data-id=\"0b85b59\" data-element_type=\"container\">\n\t\t<div class=\"elementor-element elementor-element-8b81824 e-con-full e-flex e-con e-child\" data-id=\"8b81824\" data-element_type=\"container\">\n\t\t\t\t<div class=\"elementor-element elementor-element-75d7f1e elementor-widget elementor-widget-text-editor\" data-id=\"75d7f1e\" data-element_type=\"widget\" data-widget_type=\"text-editor.default\">\n\t\t\t\t\t\t\t\t\t<p>Presidente<\/p>\t\t\t\t\t\t\t\t<\/div>\n\t\t\t\t<div class=\"elementor-element elementor-element-77f27f1 elementor-widget elementor-widget-text-editor\" data-id=\"77f27f1\" data-element_type=\"widget\" data-widget_type=\"text-editor.default\">\n\t\t\t\t\t\t\t\t\t<p>Miguel Ribeiro de Sousa<\/p>\t\t\t\t\t\t\t\t<\/div>\n\t\t\t\t<\/div>\n\t\t<div class=\"elementor-element elementor-element-383fc87 e-con-full e-flex e-con e-child\" data-id=\"383fc87\" data-element_type=\"container\">\n\t\t\t\t<div class=\"elementor-element elementor-element-79587e6 elementor-widget elementor-widget-text-editor\" data-id=\"79587e6\" data-element_type=\"widget\" data-widget_type=\"text-editor.default\">\n\t\t\t\t\t\t\t\t\t<p>Vice-Presidente<\/p>\t\t\t\t\t\t\t\t<\/div>\n\t\t\t\t<div class=\"elementor-element elementor-element-dd0edd3 elementor-widget elementor-widget-text-editor\" data-id=\"dd0edd3\" data-element_type=\"widget\" data-widget_type=\"text-editor.default\">\n\t\t\t\t\t\t\t\t\t<p>Ernesto Manuel Figueiredo Soares<\/p>\t\t\t\t\t\t\t\t<\/div>\n\t\t\t\t<\/div>\n\t\t<div class=\"elementor-element elementor-element-bcee1ab e-con-full e-flex e-con e-child\" data-id=\"bcee1ab\" data-element_type=\"container\">\n\t\t\t\t<div class=\"elementor-element elementor-element-c7a256a elementor-widget elementor-widget-text-editor\" data-id=\"c7a256a\" data-element_type=\"widget\" data-widget_type=\"text-editor.default\">\n\t\t\t\t\t\t\t\t\t<p>Vice-Presidente<\/p>\t\t\t\t\t\t\t\t<\/div>\n\t\t\t\t<div class=\"elementor-element elementor-element-4fb07c6 elementor-widget elementor-widget-text-editor\" data-id=\"4fb07c6\" data-element_type=\"widget\" data-widget_type=\"text-editor.default\">\n\t\t\t\t\t\t\t\t\t<p>Manuel Am\u00e9rico Antunes de Freitas<\/p>\t\t\t\t\t\t\t\t<\/div>\n\t\t\t\t<\/div>\n\t\t<div class=\"elementor-element elementor-element-072a933 e-con-full e-flex e-con e-child\" data-id=\"072a933\" data-element_type=\"container\">\n\t\t\t\t<div class=\"elementor-element elementor-element-8e649ab elementor-widget elementor-widget-text-editor\" data-id=\"8e649ab\" data-element_type=\"widget\" data-widget_type=\"text-editor.default\">\n\t\t\t\t\t\t\t\t\t<p>Secret\u00e1rio<\/p>\t\t\t\t\t\t\t\t<\/div>\n\t\t\t\t<div class=\"elementor-element elementor-element-a113a65 elementor-widget elementor-widget-text-editor\" data-id=\"a113a65\" data-element_type=\"widget\" data-widget_type=\"text-editor.default\">\n\t\t\t\t\t\t\t\t\t<p>Maria Joaquina Oliveira Antunes<\/p>\t\t\t\t\t\t\t\t<\/div>\n\t\t\t\t<\/div>\n\t\t<div class=\"elementor-element elementor-element-5c119df e-con-full e-flex e-con e-child\" data-id=\"5c119df\" data-element_type=\"container\">\n\t\t\t\t<div class=\"elementor-element elementor-element-f7f5c0e elementor-widget elementor-widget-text-editor\" data-id=\"f7f5c0e\" data-element_type=\"widget\" data-widget_type=\"text-editor.default\">\n\t\t\t\t\t\t\t\t\t<p>Tesoureiro<\/p>\t\t\t\t\t\t\t\t<\/div>\n\t\t\t\t<div class=\"elementor-element elementor-element-9a00e86 elementor-widget elementor-widget-text-editor\" data-id=\"9a00e86\" data-element_type=\"widget\" data-widget_type=\"text-editor.default\">\n\t\t\t\t\t\t\t\t\t<p>Cristina Maria da Silva Marques<\/p>\t\t\t\t\t\t\t\t<\/div>\n\t\t\t\t<\/div>\n\t\t<div class=\"elementor-element elementor-element-869977d e-con-full e-flex e-con e-child\" data-id=\"869977d\" data-element_type=\"container\">\n\t\t\t\t<div class=\"elementor-element elementor-element-18ef800 elementor-widget elementor-widget-text-editor\" data-id=\"18ef800\" data-element_type=\"widget\" data-widget_type=\"text-editor.default\">\n\t\t\t\t\t\t\t\t\t<p>Vogal<\/p>\t\t\t\t\t\t\t\t<\/div>\n\t\t\t\t<div class=\"elementor-element elementor-element-af11c86 elementor-widget elementor-widget-text-editor\" data-id=\"af11c86\" data-element_type=\"widget\" data-widget_type=\"text-editor.default\">\n\t\t\t\t\t\t\t\t\t<p>\u00c2ngela Maria Esteves da Silva<\/p>\t\t\t\t\t\t\t\t<\/div>\n\t\t\t\t<\/div>\n\t\t<div class=\"elementor-element elementor-element-20fdbe1 e-con-full e-flex e-con e-child\" data-id=\"20fdbe1\" data-element_type=\"container\">\n\t\t\t\t<div class=\"elementor-element elementor-element-e8dc7f5 elementor-widget elementor-widget-text-editor\" data-id=\"e8dc7f5\" data-element_type=\"widget\" data-widget_type=\"text-editor.default\">\n\t\t\t\t\t\t\t\t\t<p>Vogal<\/p>\t\t\t\t\t\t\t\t<\/div>\n\t\t\t\t<div class=\"elementor-element elementor-element-4e8e070 elementor-widget elementor-widget-text-editor\" data-id=\"4e8e070\" data-element_type=\"widget\" data-widget_type=\"text-editor.default\">\n\t\t\t\t\t\t\t\t\t<p>Manuel da Silva Gon\u00e7alves<\/p>\t\t\t\t\t\t\t\t<\/div>\n\t\t\t\t<\/div>\n\t\t\t\t<\/div>\n\t\t\t\t<\/div>\n\t\t<div class=\"elementor-element elementor-element-97c9d94 e-con-full e-flex e-con e-child\" data-id=\"97c9d94\" data-element_type=\"container\">\n\t\t\t\t<div class=\"elementor-element elementor-element-7dbd16e elementor-widget elementor-widget-heading\" data-id=\"7dbd16e\" data-element_type=\"widget\" data-widget_type=\"heading.default\">\n\t\t\t\t\t<h2 class=\"elementor-heading-title elementor-size-default\">Conselho Fiscal<\/h2>\t\t\t\t<\/div>\n\t\t<div class=\"elementor-element elementor-element-be59baa e-con-full e-flex e-con e-child\" data-id=\"be59baa\" data-element_type=\"container\">\n\t\t<div class=\"elementor-element elementor-element-8062f28 e-con-full e-flex e-con e-child\" data-id=\"8062f28\" data-element_type=\"container\">\n\t\t\t\t<div class=\"elementor-element elementor-element-5f60b2c elementor-widget elementor-widget-text-editor\" data-id=\"5f60b2c\" data-element_type=\"widget\" data-widget_type=\"text-editor.default\">\n\t\t\t\t\t\t\t\t\t<p>Presidente<\/p>\t\t\t\t\t\t\t\t<\/div>\n\t\t\t\t<div class=\"elementor-element elementor-element-14dc179 elementor-widget elementor-widget-text-editor\" data-id=\"14dc179\" data-element_type=\"widget\" data-widget_type=\"text-editor.default\">\n\t\t\t\t\t\t\t\t\t<p>Domingos Manuel da Costa Marques<\/p>\t\t\t\t\t\t\t\t<\/div>\n\t\t\t\t<\/div>\n\t\t<div class=\"elementor-element elementor-element-702b7c7 e-con-full e-flex e-con e-child\" data-id=\"702b7c7\" data-element_type=\"container\">\n\t\t\t\t<div class=\"elementor-element elementor-element-d860537 elementor-widget elementor-widget-text-editor\" data-id=\"d860537\" data-element_type=\"widget\" data-widget_type=\"text-editor.default\">\n\t\t\t\t\t\t\t\t\t<p>Vice-Presidente<\/p>\t\t\t\t\t\t\t\t<\/div>\n\t\t\t\t<div class=\"elementor-element elementor-element-a621001 elementor-widget elementor-widget-text-editor\" data-id=\"a621001\" data-element_type=\"widget\" data-widget_type=\"text-editor.default\">\n\t\t\t\t\t\t\t\t\t<p>Eduardo Jos\u00e9 Gomes da Silva<\/p>\t\t\t\t\t\t\t\t<\/div>\n\t\t\t\t<\/div>\n\t\t<div class=\"elementor-element elementor-element-2ec966a e-con-full e-flex e-con e-child\" data-id=\"2ec966a\" data-element_type=\"container\">\n\t\t\t\t<div class=\"elementor-element elementor-element-29638f4 elementor-widget elementor-widget-text-editor\" data-id=\"29638f4\" data-element_type=\"widget\" data-widget_type=\"text-editor.default\">\n\t\t\t\t\t\t\t\t\t<p>Secret\u00e1rio Relator<\/p>\t\t\t\t\t\t\t\t<\/div>\n\t\t\t\t<div class=\"elementor-element elementor-element-ee0ab3d elementor-widget elementor-widget-text-editor\" data-id=\"ee0ab3d\" data-element_type=\"widget\" data-widget_type=\"text-editor.default\">\n\t\t\t\t\t\t\t\t\t<p>Ana Sofia Freitas Teixeira Castro<\/p>\t\t\t\t\t\t\t\t<\/div>\n\t\t\t\t<\/div>\n\t\t\t\t<\/div>\n\t\t\t\t<\/div>\n\t\t\t\t<\/div>\n\t\t\t\t\t<\/div>\n\t\t\t\t<\/div>\n\t\t\t\t<\/div>\n\t\t","protected":false},"excerpt":{"rendered":"<p>\u00d3rg\u00e3os Sociais Mesa da Assembleia Geral Presidente Jos\u00e9 Lu\u00eds da Silva Azevedo Oliveira Vice-Presidente Porf\u00edrio de Oliveira Martinho 1\u00ba Secret\u00e1rio Jos\u00e9 Alexandre Maia Freitas Dion\u00edsio Cardoso Ribeiro Dion\u00edsio Cardoso Ribeiro Dire\u00e7\u00e3o Presidente Miguel Ribeiro de Sousa Vice-Presidente Ernesto Manuel Figueiredo Soares Vice-Presidente Manuel Am\u00e9rico Antunes de Freitas Secret\u00e1rio Maria Joaquina Oliveira Antunes Tesoureiro Cristina Maria [&hellip;]<\/p>\n","protected":false},"author":2,"featured_media":0,"parent":0,"menu_order":0,"comment_status":"closed","ping_status":"closed","template":"","meta":{"_acf_changed":false,"footnotes":""},"class_list":["post-38","page","type-page","status-publish","hentry"],"acf":[],"_links":{"self":[{"href":"https:\/\/www.bvtaipas.com\/site\/wp-json\/wp\/v2\/pages\/38","targetHints":{"allow":["GET"]}}],"collection":[{"href":"https:\/\/www.bvtaipas.com\/site\/wp-json\/wp\/v2\/pages"}],"about":[{"href":"https:\/\/www.bvtaipas.com\/site\/wp-json\/wp\/v2\/types\/page"}],"author":[{"embeddable":true,"href":"https:\/\/www.bvtaipas.com\/site\/wp-json\/wp\/v2\/users\/2"}],"replies":[{"embeddable":true,"href":"https:\/\/www.bvtaipas.com\/site\/wp-json\/wp\/v2\/comments?post=38"}],"version-history":[{"count":16,"href":"https:\/\/www.bvtaipas.com\/site\/wp-json\/wp\/v2\/pages\/38\/revisions"}],"predecessor-version":[{"id":1186,"href":"https:\/\/www.bvtaipas.com\/site\/wp-json\/wp\/v2\/pages\/38\/revisions\/1186"}],"wp:attachment":[{"href":"https:\/\/www.bvtaipas.com\/site\/wp-json\/wp\/v2\/media?parent=38"}],"curies":[{"name":"wp","href":"https:\/\/api.w.org\/{rel}","templated":true}]}}