{"id":50,"date":"2025-12-02T16:35:51","date_gmt":"2025-12-02T16:35:51","guid":{"rendered":"https:\/\/www.bvtaipas.com\/site\/?page_id=50"},"modified":"2026-02-20T14:21:38","modified_gmt":"2026-02-20T14:21:38","slug":"associado","status":"publish","type":"page","link":"https:\/\/www.bvtaipas.com\/site\/associado\/","title":{"rendered":"Torne-se Associado"},"content":{"rendered":"\t\t<div data-elementor-type=\"wp-page\" data-elementor-id=\"50\" class=\"elementor elementor-50\" data-elementor-post-type=\"page\">\n\t\t\t\t<div class=\"elementor-element elementor-element-d616bfa e-flex e-con-boxed e-con e-parent\" data-id=\"d616bfa\" data-element_type=\"container\">\n\t\t\t\t\t<div class=\"e-con-inner\">\n\t\t<div class=\"elementor-element elementor-element-b5fd380 e-con-full e-flex e-con e-child\" data-id=\"b5fd380\" data-element_type=\"container\">\n\t\t<div class=\"elementor-element elementor-element-1514df0 e-con-full e-flex e-con e-child\" data-id=\"1514df0\" data-element_type=\"container\">\n\t\t\t\t<div class=\"elementor-element elementor-element-2a36cce elementor-widget elementor-widget-heading\" data-id=\"2a36cce\" data-element_type=\"widget\" data-widget_type=\"heading.default\">\n\t\t\t\t\t<h2 class=\"elementor-heading-title elementor-size-default\">Torne-se Associado\u00a0<\/h2>\t\t\t\t<\/div>\n\t\t\t\t<div class=\"elementor-element elementor-element-c310e5f elementor-widget elementor-widget-text-editor\" data-id=\"c310e5f\" data-element_type=\"widget\" data-widget_type=\"text-editor.default\">\n\t\t\t\t\t\t\t\t\t<p><span class=\"TextRun SCXW66471055 BCX0\" lang=\"PT-PT\" xml:lang=\"PT-PT\" data-contrast=\"auto\"><span class=\"NormalTextRun SCXW66471055 BCX0\">Para se tornar\u00a0<\/span><\/span><strong><span class=\"TextRun MacChromeBold SCXW66471055 BCX0\" lang=\"PT-PT\" xml:lang=\"PT-PT\" data-contrast=\"auto\"><span class=\"NormalTextRun SCXW66471055 BCX0\">Associado<\/span><\/span><\/strong><span class=\"TextRun SCXW66471055 BCX0\" lang=\"PT-PT\" xml:lang=\"PT-PT\" data-contrast=\"auto\"><span class=\"NormalTextRun SCXW66471055 BCX0\">\u00a0da Associa\u00e7\u00e3o Humanit\u00e1ria dos Bombeiros Volunt\u00e1rios das Caldas das Taipas (AHBVCT), \u00e9 necess\u00e1rio preencher a Proposta<\/span><span class=\"NormalTextRun SCXW66471055 BCX0\">\u00a0de Associado<\/span><span class=\"NormalTextRun SCXW66471055 BCX0\">, que pode ser obtida e submetida online, ou presencialmente, na secretaria dos Bombeiros ou na rece\u00e7\u00e3o das piscinas. Ap\u00f3s a aceita\u00e7\u00e3o da proposta, o novo associado deve assegurar a atualiza\u00e7\u00e3o anual das quotas, que s\u00e3o pagas por ano civil, correspondendo ao per\u00edodo de janeiro a dezembro, independentemente da data em que se inscreve. O valor m\u00ednimo inclui a quota anual obrigat\u00f3ria e uma taxa adicional destinada \u00e0 emiss\u00e3o do cart\u00e3o.<\/span><\/span><span class=\"EOP SCXW66471055 BCX0\" data-ccp-props=\"{&quot;335551550&quot;:6,&quot;335551620&quot;:6}\">\u00a0<br \/><br \/><span class=\"TextRun SCXW142137970 BCX0\" lang=\"PT-PT\" xml:lang=\"PT-PT\" data-contrast=\"auto\"><span class=\"NormalTextRun SCXW142137970 BCX0\">Ser<\/span><span class=\"NormalTextRun SCXW142137970 BCX0\">\u00a0<\/span><span class=\"NormalTextRun SCXW142137970 BCX0\">associado<\/span><span class=\"NormalTextRun SCXW142137970 BCX0\">\u00a0da<\/span><span class=\"NormalTextRun SCXW142137970 BCX0\">\u00a0AHBVCT implica, assim, o cumprimento deste processo de inscri\u00e7\u00e3o e a manuten\u00e7\u00e3o regular das quotas, contribuindo para o apoio e sustentabilidade da institui\u00e7\u00e3o.<\/span><\/span><span class=\"EOP SCXW142137970 BCX0\" data-ccp-props=\"{&quot;335551550&quot;:6,&quot;335551620&quot;:6}\">\u00a0<\/span><br \/><\/span><\/p>\t\t\t\t\t\t\t\t<\/div>\n\t\t\t\t<\/div>\n\t\t<div class=\"elementor-element elementor-element-cbac2e4 e-con-full e-flex e-con e-child\" data-id=\"cbac2e4\" data-element_type=\"container\">\n\t\t\t\t<div class=\"elementor-element elementor-element-b3725a3 elementor-widget elementor-widget-image\" data-id=\"b3725a3\" data-element_type=\"widget\" data-widget_type=\"image.default\">\n\t\t\t\t\t\t\t\t\t\t\t\t\t\t\t<img fetchpriority=\"high\" decoding=\"async\" width=\"800\" height=\"1067\" src=\"https:\/\/www.bvtaipas.com\/site\/wp-content\/uploads\/2025\/12\/PHOTO-2024-04-26-17-44-24-2.jpg\" class=\"attachment-full size-full wp-image-436\" alt=\"\" srcset=\"https:\/\/www.bvtaipas.com\/site\/wp-content\/uploads\/2025\/12\/PHOTO-2024-04-26-17-44-24-2.jpg 800w, https:\/\/www.bvtaipas.com\/site\/wp-content\/uploads\/2025\/12\/PHOTO-2024-04-26-17-44-24-2-225x300.jpg 225w, https:\/\/www.bvtaipas.com\/site\/wp-content\/uploads\/2025\/12\/PHOTO-2024-04-26-17-44-24-2-768x1024.jpg 768w\" sizes=\"(max-width: 800px) 100vw, 800px\" \/>\t\t\t\t\t\t\t\t\t\t\t\t\t\t\t<\/div>\n\t\t\t\t<\/div>\n\t\t\t\t<\/div>\n\t\t<div class=\"elementor-element elementor-element-dab3857 e-con-full e-flex e-con e-child\" data-id=\"dab3857\" data-element_type=\"container\">\n\t\t<div class=\"elementor-element elementor-element-531eb5f e-con-full e-flex e-con e-child\" data-id=\"531eb5f\" data-element_type=\"container\">\n\t\t\t\t<div class=\"elementor-element elementor-element-eea387e elementor-widget elementor-widget-heading\" data-id=\"eea387e\" data-element_type=\"widget\" data-widget_type=\"heading.default\">\n\t\t\t\t\t<h2 class=\"elementor-heading-title elementor-size-default\">Onde obter a Proposta de Associado:<\/h2>\t\t\t\t<\/div>\n\t\t\t\t<div class=\"elementor-element elementor-element-f9af49a elementor-widget elementor-widget-text-editor\" data-id=\"f9af49a\" data-element_type=\"widget\" data-widget_type=\"text-editor.default\">\n\t\t\t\t\t\t\t\t\t<p><span class=\"TextRun SCXW39657671 BCX0\" lang=\"PT-PT\" xml:lang=\"PT-PT\" data-contrast=\"auto\"><span class=\"NormalTextRun SCXW39657671 BCX0\">Pode descarregar o formul\u00e1rio de Proposta no bot\u00e3o abaixo ou pode preencher o formul\u00e1rio na secretaria da AHBV das Caldas das Taipas ou na rece\u00e7\u00e3o das piscinas.<\/span><\/span><span class=\"EOP SCXW39657671 BCX0\" data-ccp-props=\"{}\">\u00a0<\/span><\/p>\t\t\t\t\t\t\t\t<\/div>\n\t\t\t\t<div class=\"elementor-element elementor-element-d7d7ef1 elementor-widget elementor-widget-button\" data-id=\"d7d7ef1\" data-element_type=\"widget\" data-widget_type=\"button.default\">\n\t\t\t\t\t\t\t\t\t\t<a class=\"elementor-button elementor-button-link elementor-size-sm\" href=\"https:\/\/www.bvtaipas.com\/site\/wp-content\/uploads\/2026\/02\/Proposta_de_Associado.pdf\" target=\"_blank\">\n\t\t\t\t\t\t<span class=\"elementor-button-content-wrapper\">\n\t\t\t\t\t\t<span class=\"elementor-button-icon\">\n\t\t\t\t<svg xmlns=\"http:\/\/www.w3.org\/2000\/svg\" width=\"14\" height=\"14\" viewBox=\"0 0 14 14\" fill=\"none\"><path d=\"M7.65625 0.65625V8.06641L10.2539 5.46875C10.5 5.19531 10.9102 5.19531 11.1836 5.46875C11.4297 5.71484 11.4297 6.125 11.1836 6.37109L7.4375 10.0898C7.19141 10.3633 6.78125 10.3633 6.53516 10.0898L2.81641 6.37109C2.54297 6.125 2.54297 5.71484 2.81641 5.46875C3.0625 5.19531 3.47266 5.19531 3.74609 5.46875L6.34375 8.06641V0.65625C6.34375 0.300781 6.61719 0 7 0C7.35547 0 7.65625 0.300781 7.65625 0.65625ZM3.5 8.3125L4.8125 9.625H1.75C1.50391 9.625 1.3125 9.84375 1.3125 10.0625V12.25C1.3125 12.4961 1.50391 12.6875 1.75 12.6875H12.25C12.4688 12.6875 12.6875 12.4961 12.6875 12.25V10.0625C12.6875 9.84375 12.4688 9.625 12.25 9.625H9.16016L10.4727 8.3125H12.25C13.207 8.3125 14 9.10547 14 10.0625V12.25C14 13.2344 13.207 14 12.25 14H1.75C0.765625 14 0 13.2344 0 12.25V10.0625C0 9.10547 0.765625 8.3125 1.75 8.3125H3.5ZM11.8125 11.1562C11.8125 11.5391 11.5117 11.8125 11.1562 11.8125C10.7734 11.8125 10.5 11.5391 10.5 11.1562C10.5 10.8008 10.7734 10.5 11.1562 10.5C11.5117 10.5 11.8125 10.8008 11.8125 11.1562Z\" fill=\"#231F20\"><\/path><\/svg>\t\t\t<\/span>\n\t\t\t\t\t\t\t\t\t<span class=\"elementor-button-text\">Proposta de Associado<\/span>\n\t\t\t\t\t<\/span>\n\t\t\t\t\t<\/a>\n\t\t\t\t\t\t\t\t<\/div>\n\t\t\t\t<\/div>\n\t\t<div class=\"elementor-element elementor-element-b3906a2 e-con-full e-flex e-con e-child\" data-id=\"b3906a2\" data-element_type=\"container\">\n\t\t\t\t<div class=\"elementor-element elementor-element-9a52daa elementor-widget elementor-widget-heading\" data-id=\"9a52daa\" data-element_type=\"widget\" data-widget_type=\"heading.default\">\n\t\t\t\t\t<h2 class=\"elementor-heading-title elementor-size-default\">Documentos e elementos necess\u00e1rios:<\/h2>\t\t\t\t<\/div>\n\t\t\t\t<div class=\"elementor-element elementor-element-f783dfb elementor-widget elementor-widget-text-editor\" data-id=\"f783dfb\" data-element_type=\"widget\" data-widget_type=\"text-editor.default\">\n\t\t\t\t\t\t\t\t\t<p><strong><span class=\"TextRun MacChromeBold SCXW98518256 BCX0\" lang=\"PT-PT\" xml:lang=\"PT-PT\" data-contrast=\"auto\"><span class=\"NormalTextRun SCXW98518256 BCX0\">Se preencher online: <\/span><\/span><\/strong><span class=\"TextRun SCXW98518256 BCX0\" lang=\"PT-PT\" xml:lang=\"PT-PT\" data-contrast=\"auto\"><span class=\"NormalTextRun SCXW98518256 BCX0\">Por favor preencha a Proposta com todos os elementos solicitados, anexe uma fotografia e envie o formul\u00e1rio por email para o endere\u00e7o indicado. Ap\u00f3s rece\u00e7\u00e3o e verifica\u00e7\u00e3o do seu pedido, ser\u00e1 enviado por email um documento com os dados e instru\u00e7\u00f5es para proceder ao pagamento. A vinheta e o\u00a0<\/span><span class=\"NormalTextRun SCXW98518256 BCX0\">c<\/span><span class=\"NormalTextRun SCXW98518256 BCX0\">art\u00e3o<\/span><span class=\"NormalTextRun SCXW98518256 BCX0\">\u00a0<\/span><span class=\"NormalTextRun SCXW98518256 BCX0\">ser\u00e3o posteriormente expedidos por correio para a morada indicada na Proposta.<\/span><\/span><span class=\"EOP SCXW98518256 BCX0\" data-ccp-props=\"{&quot;335551550&quot;:6,&quot;335551620&quot;:6}\">\u00a0<br \/><br \/><strong><span class=\"TextRun MacChromeBold SCXW207940820 BCX0\" lang=\"PT-PT\" xml:lang=\"PT-PT\" data-contrast=\"auto\"><span class=\"NormalTextRun SCXW207940820 BCX0\">Se preencher pessoalmente<\/span><\/span><\/strong><span class=\"TextRun SCXW207940820 BCX0\" lang=\"PT-PT\" xml:lang=\"PT-PT\" data-contrast=\"auto\"><span class=\"NormalTextRun SCXW207940820 BCX0\">\u202f(na secretaria ou na rece\u00e7\u00e3o das piscinas): Traga consigo uma fotografia<\/span><span class=\"NormalTextRun SCXW207940820 BCX0\">\u00a0(tipo passe ou digital)<\/span><span class=\"NormalTextRun SCXW207940820 BCX0\">\u00a0e o Cart\u00e3o de Cidad\u00e3o para confirma\u00e7\u00e3o de identidade. O pagamento \u00e9 efetuado no local (em numer\u00e1rio ou por multibanco) e o cart\u00e3o \u00e9 produzido e entregue na hora.<\/span><\/span><span class=\"EOP SCXW207940820 BCX0\" data-ccp-props=\"{&quot;335551550&quot;:6,&quot;335551620&quot;:6}\">\u00a0<\/span><br \/><\/span><\/p>\t\t\t\t\t\t\t\t<\/div>\n\t\t\t\t<\/div>\n\t\t<div class=\"elementor-element elementor-element-b930ded e-con-full e-flex e-con e-child\" data-id=\"b930ded\" data-element_type=\"container\">\n\t\t\t\t<div class=\"elementor-element elementor-element-7850701 elementor-widget elementor-widget-heading\" data-id=\"7850701\" data-element_type=\"widget\" data-widget_type=\"heading.default\">\n\t\t\t\t\t<h2 class=\"elementor-heading-title elementor-size-default\">Condi\u00e7\u00f5es de pagamento:<\/h2>\t\t\t\t<\/div>\n\t\t\t\t<div class=\"elementor-element elementor-element-16c16ba elementor-widget elementor-widget-text-editor\" data-id=\"16c16ba\" data-element_type=\"widget\" data-widget_type=\"text-editor.default\">\n\t\t\t\t\t\t\t\t\t<p><b><span data-contrast=\"auto\">Quota anual:<\/span><\/b><span data-contrast=\"auto\">\u202fa quota \u00e9 calculada por ano civil \u2014\u00a0janeiro\u00a0a\u00a0dezembro\u00a0\u2014 independentemente do m\u00eas em que se filia.<\/span><span data-ccp-props=\"{}\">\u00a0<br \/><br \/><\/span><\/p><p><b><span data-contrast=\"auto\">Valor m\u00ednimo:<\/span><\/b><span data-contrast=\"auto\">\u202f15,00\u20ac (quota m\u00ednima anual) + 2,50\u20ac (referente ao cart\u00e3o de\u00a0associado).<\/span><span data-ccp-props=\"{}\">\u00a0<\/span><\/p>\t\t\t\t\t\t\t\t<\/div>\n\t\t\t\t<\/div>\n\t\t<div class=\"elementor-element elementor-element-7b26a05 e-con-full e-flex e-con e-child\" data-id=\"7b26a05\" data-element_type=\"container\">\n\t\t\t\t<div class=\"elementor-element elementor-element-0c21f06 elementor-widget elementor-widget-heading\" data-id=\"0c21f06\" data-element_type=\"widget\" data-widget_type=\"heading.default\">\n\t\t\t\t\t<h2 class=\"elementor-heading-title elementor-size-default\">Observa\u00e7\u00f5es importantes:<\/h2>\t\t\t\t<\/div>\n\t\t\t\t<div class=\"elementor-element elementor-element-9ec155d elementor-widget elementor-widget-text-editor\" data-id=\"9ec155d\" data-element_type=\"widget\" data-widget_type=\"text-editor.default\">\n\t\t\t\t\t\t\t\t\t<p><span data-contrast=\"auto\">A quota \u00e9 anual e cobre\u00a0janeiro\u00a0a\u00a0dezembro, pelo que quem se inscrever em qualquer m\u00eas do ano estar\u00e1 a aderir para o ano civil completo.<br \/><\/span><span data-ccp-props=\"{&quot;335551550&quot;:6,&quot;335551620&quot;:6}\">\u00a0<\/span><\/p><p><span data-contrast=\"auto\">Traga sempre fotografia (tipo passe ou digital) e Cart\u00e3o de Cidad\u00e3o quando for tratar da inscri\u00e7\u00e3o presencialmente.<\/span><span data-ccp-props=\"{&quot;335551550&quot;:6,&quot;335551620&quot;:6}\">\u00a0<br \/><br \/><\/span><\/p><p><span data-contrast=\"auto\">Se tiver d\u00favidas sobre campos do formul\u00e1rio, documentos exigidos, formas de pagamento ou modalidades de\u00a0associado, contacte a secretaria da AHBV das Caldas das Taipas atrav\u00e9s:<\/span><span data-ccp-props=\"{&quot;335551550&quot;:6,&quot;335551620&quot;:6}\">\u00a0<\/span><\/p>\t\t\t\t\t\t\t\t<\/div>\n\t\t<div class=\"elementor-element elementor-element-6081b66 e-con-full e-flex e-con e-child\" data-id=\"6081b66\" data-element_type=\"container\">\n\t\t\t\t<div class=\"elementor-element elementor-element-d95fc0c elementor-widget elementor-widget-button\" data-id=\"d95fc0c\" data-element_type=\"widget\" data-widget_type=\"button.default\">\n\t\t\t\t\t\t\t\t\t\t<a class=\"elementor-button elementor-button-link elementor-size-sm\" href=\"tel:253577483\">\n\t\t\t\t\t\t<span class=\"elementor-button-content-wrapper\">\n\t\t\t\t\t\t<span class=\"elementor-button-icon\">\n\t\t\t\t<svg xmlns=\"http:\/\/www.w3.org\/2000\/svg\" width=\"13\" height=\"13\" viewBox=\"0 0 13 13\" fill=\"none\"><path d=\"M8.78906 6.53906L11.4141 7.66406C11.8359 7.82812 12.0703 8.27344 11.9766 8.71875L11.4141 11.3438C11.3203 11.7656 10.9219 12.0938 10.5 12.0938C10.3359 12.0938 10.1953 12.0703 10.0547 12.0703C9.82031 12.0703 9.58594 12.0469 9.375 12.0234C4.10156 11.4609 0 7.00781 0 1.57031C0 1.14844 0.304688 0.75 0.726562 0.65625L3.35156 0.09375C3.79688 0 4.24219 0.234375 4.40625 0.65625L5.53125 3.28125C5.69531 3.65625 5.60156 4.10156 5.27344 4.35938L4.3125 5.15625C4.94531 6.23438 5.83594 7.125 6.91406 7.75781L7.71094 6.79688C7.96875 6.46875 8.41406 6.375 8.78906 6.53906ZM10.3359 10.9453L10.8281 8.625L8.48438 7.61719L7.80469 8.46094C7.45312 8.88281 6.84375 9 6.35156 8.71875C5.10938 7.99219 4.07812 6.96094 3.35156 5.71875C3.07031 5.22656 3.1875 4.61719 3.60938 4.26562L4.45312 3.58594L3.44531 1.24219L1.125 1.73438C1.19531 6.79688 5.27344 10.875 10.3359 10.9453Z\" fill=\"#5A91CC\"><\/path><\/svg>\t\t\t<\/span>\n\t\t\t\t\t\t\t\t\t<span class=\"elementor-button-text\">253 577 483*<\/span>\n\t\t\t\t\t<\/span>\n\t\t\t\t\t<\/a>\n\t\t\t\t\t\t\t\t<\/div>\n\t\t\t\t<div class=\"elementor-element elementor-element-07af177 elementor-widget elementor-widget-button\" data-id=\"07af177\" data-element_type=\"widget\" data-widget_type=\"button.default\">\n\t\t\t\t\t\t\t\t\t\t<a class=\"elementor-button elementor-button-link elementor-size-sm\" href=\"mailto:secretaria@bvtaipas.com\">\n\t\t\t\t\t\t<span class=\"elementor-button-content-wrapper\">\n\t\t\t\t\t\t<span class=\"elementor-button-icon\">\n\t\t\t\t<svg xmlns=\"http:\/\/www.w3.org\/2000\/svg\" width=\"12\" height=\"9\" viewBox=\"0 0 12 9\" fill=\"none\"><path d=\"M1.5 1.125C1.28906 1.125 1.125 1.3125 1.125 1.5V2.03906L5.15625 5.34375C5.64844 5.74219 6.32812 5.74219 6.82031 5.34375L10.875 2.03906V1.5C10.875 1.3125 10.6875 1.125 10.5 1.125H1.5ZM1.125 3.49219V7.5C1.125 7.71094 1.28906 7.875 1.5 7.875H10.5C10.6875 7.875 10.875 7.71094 10.875 7.5V3.49219L7.54688 6.21094C6.63281 6.96094 5.34375 6.96094 4.45312 6.21094L1.125 3.49219ZM0 1.5C0 0.679688 0.65625 0 1.5 0H10.5C11.3203 0 12 0.679688 12 1.5V7.5C12 8.34375 11.3203 9 10.5 9H1.5C0.65625 9 0 8.34375 0 7.5V1.5Z\" fill=\"#5A91CC\"><\/path><\/svg>\t\t\t<\/span>\n\t\t\t\t\t\t\t\t\t<span class=\"elementor-button-text\">secretaria@bvtaipas.com<\/span>\n\t\t\t\t\t<\/span>\n\t\t\t\t\t<\/a>\n\t\t\t\t\t\t\t\t<\/div>\n\t\t\t\t<\/div>\n\t\t\t\t<div class=\"elementor-element elementor-element-35e9207 elementor-widget elementor-widget-text-editor\" data-id=\"35e9207\" data-element_type=\"widget\" data-widget_type=\"text-editor.default\">\n\t\t\t\t\t\t\t\t\t<p>*Chamada para rede fixa m\u00f3vel<\/p>\t\t\t\t\t\t\t\t<\/div>\n\t\t\t\t<\/div>\n\t\t\t\t<\/div>\n\t\t\t\t\t<\/div>\n\t\t\t\t<\/div>\n\t\t\t\t<\/div>\n\t\t","protected":false},"excerpt":{"rendered":"<p>Torne-se Associado\u00a0 Para se tornar\u00a0Associado\u00a0da Associa\u00e7\u00e3o Humanit\u00e1ria dos Bombeiros Volunt\u00e1rios das Caldas das Taipas (AHBVCT), \u00e9 necess\u00e1rio preencher a Proposta\u00a0de Associado, que pode ser obtida e submetida online, ou presencialmente, na secretaria dos Bombeiros ou na rece\u00e7\u00e3o das piscinas. Ap\u00f3s a aceita\u00e7\u00e3o da proposta, o novo associado deve assegurar a atualiza\u00e7\u00e3o anual das quotas, que [&hellip;]<\/p>\n","protected":false},"author":2,"featured_media":0,"parent":0,"menu_order":0,"comment_status":"closed","ping_status":"closed","template":"","meta":{"_acf_changed":false,"footnotes":""},"class_list":["post-50","page","type-page","status-publish","hentry"],"acf":[],"_links":{"self":[{"href":"https:\/\/www.bvtaipas.com\/site\/wp-json\/wp\/v2\/pages\/50","targetHints":{"allow":["GET"]}}],"collection":[{"href":"https:\/\/www.bvtaipas.com\/site\/wp-json\/wp\/v2\/pages"}],"about":[{"href":"https:\/\/www.bvtaipas.com\/site\/wp-json\/wp\/v2\/types\/page"}],"author":[{"embeddable":true,"href":"https:\/\/www.bvtaipas.com\/site\/wp-json\/wp\/v2\/users\/2"}],"replies":[{"embeddable":true,"href":"https:\/\/www.bvtaipas.com\/site\/wp-json\/wp\/v2\/comments?post=50"}],"version-history":[{"count":38,"href":"https:\/\/www.bvtaipas.com\/site\/wp-json\/wp\/v2\/pages\/50\/revisions"}],"predecessor-version":[{"id":1756,"href":"https:\/\/www.bvtaipas.com\/site\/wp-json\/wp\/v2\/pages\/50\/revisions\/1756"}],"wp:attachment":[{"href":"https:\/\/www.bvtaipas.com\/site\/wp-json\/wp\/v2\/media?parent=50"}],"curies":[{"name":"wp","href":"https:\/\/api.w.org\/{rel}","templated":true}]}}