{"id":56,"date":"2025-12-02T16:36:16","date_gmt":"2025-12-02T16:36:16","guid":{"rendered":"https:\/\/www.bvtaipas.com\/site\/?page_id=56"},"modified":"2025-12-09T11:20:53","modified_gmt":"2025-12-09T11:20:53","slug":"piscina","status":"publish","type":"page","link":"https:\/\/www.bvtaipas.com\/site\/piscina\/","title":{"rendered":"Piscina"},"content":{"rendered":"\t\t<div data-elementor-type=\"wp-page\" data-elementor-id=\"56\" class=\"elementor elementor-56\" data-elementor-post-type=\"page\">\n\t\t\t\t<div class=\"elementor-element elementor-element-96aecf8 e-flex e-con-boxed e-con e-parent\" data-id=\"96aecf8\" data-element_type=\"container\">\n\t\t\t\t\t<div class=\"e-con-inner\">\n\t\t<div class=\"elementor-element elementor-element-014ba93 e-con-full e-flex e-con e-child\" data-id=\"014ba93\" data-element_type=\"container\">\n\t\t<div class=\"elementor-element elementor-element-0058a72 e-con-full e-flex e-con e-child\" data-id=\"0058a72\" data-element_type=\"container\">\n\t\t\t\t<div class=\"elementor-element elementor-element-9a68a33 elementor-widget elementor-widget-image\" data-id=\"9a68a33\" data-element_type=\"widget\" data-widget_type=\"image.default\">\n\t\t\t\t\t\t\t\t\t\t\t\t\t\t\t<img decoding=\"async\" width=\"197\" height=\"60\" src=\"https:\/\/www.bvtaipas.com\/site\/wp-content\/uploads\/2025\/12\/Piscina-1.svg\" class=\"attachment-large size-large wp-image-294\" alt=\"\" \/>\t\t\t\t\t\t\t\t\t\t\t\t\t\t\t<\/div>\n\t\t\t\t<div class=\"elementor-element elementor-element-3ff7734 elementor-widget elementor-widget-text-editor\" data-id=\"3ff7734\" data-element_type=\"widget\" data-widget_type=\"text-editor.default\">\n\t\t\t\t\t\t\t\t\t<p>As Piscinas da Associa\u00e7\u00e3o Humanit\u00e1ria dos Bombeiros Volunt\u00e1rios das Caldas das Taipas s\u00e3o um espa\u00e7o aberto a toda a comunidade. Com infraestruturas devidamente equipadas, proporcionamos condi\u00e7\u00f5es ideais para a pr\u00e1tica de nata\u00e7\u00e3o, hidrogin\u00e1stica e outras atividades aqu\u00e1ticas, tanto para beb\u00e9s e crian\u00e7as, como para adultos.<\/p><p>\u00a0<\/p><p><strong>Venha conhecer as nossas piscinas, participar nas aulas ou desfrutar da Nata\u00e7\u00e3o Livre.<\/strong><\/p>\t\t\t\t\t\t\t\t<\/div>\n\t\t\t\t<\/div>\n\t\t<div class=\"elementor-element elementor-element-fc439f7 e-con-full e-flex e-con e-child\" data-id=\"fc439f7\" data-element_type=\"container\">\n\t\t\t\t<div class=\"elementor-element elementor-element-fc51c54 elementor-widget elementor-widget-heading\" data-id=\"fc51c54\" data-element_type=\"widget\" data-widget_type=\"heading.default\">\n\t\t\t\t\t<h2 class=\"elementor-heading-title elementor-size-default\">H\u00f3rario e Regulamentos<\/h2>\t\t\t\t<\/div>\n\t\t<a class=\"elementor-element elementor-element-35d7d7b e-con-full e-flex e-con e-child\" data-id=\"35d7d7b\" data-element_type=\"container\" href=\"https:\/\/www.bvtaipas.com\/site\/wp-content\/uploads\/2025\/12\/Info-Piscinas.pdf\" target=\"_blank\" rel=\"nofollow\">\n\t\t\t\t<div class=\"elementor-element elementor-element-d11fb2e elementor-view-default elementor-widget elementor-widget-icon\" data-id=\"d11fb2e\" data-element_type=\"widget\" data-widget_type=\"icon.default\">\n\t\t\t\t\t\t\t<div class=\"elementor-icon-wrapper\">\n\t\t\t<div class=\"elementor-icon\">\n\t\t\t<svg xmlns=\"http:\/\/www.w3.org\/2000\/svg\" width=\"14\" height=\"14\" viewBox=\"0 0 14 14\" fill=\"none\"><path d=\"M1.75 12.6875H2.625V14H1.75C0.765625 14 0 13.2344 0 12.25V1.75C0 0.792969 0.765625 0 1.75 0H6.26172C6.72656 0 7.16406 0.191406 7.49219 0.519531L9.98047 3.00781C10.3086 3.33594 10.5 3.77344 10.5 4.23828V7.875H9.1875V4.375H7C6.50781 4.375 6.125 3.99219 6.125 3.5V1.3125H1.75C1.50391 1.3125 1.3125 1.53125 1.3125 1.75V12.25C1.3125 12.4961 1.50391 12.6875 1.75 12.6875ZM4.8125 9.625H5.6875C6.50781 9.625 7.21875 10.3359 7.21875 11.1562C7.21875 12.0039 6.50781 12.6875 5.6875 12.6875H5.25V13.5625C5.25 13.8086 5.03125 14 4.8125 14C4.56641 14 4.375 13.8086 4.375 13.5625V12.25V10.0625C4.375 9.84375 4.56641 9.625 4.8125 9.625ZM5.6875 11.8125C6.04297 11.8125 6.34375 11.5391 6.34375 11.1562C6.34375 10.8008 6.04297 10.5 5.6875 10.5H5.25V11.8125H5.6875ZM8.3125 9.625H9.1875C9.89844 9.625 10.5 10.2266 10.5 10.9375V12.6875C10.5 13.4258 9.89844 14 9.1875 14H8.3125C8.06641 14 7.875 13.8086 7.875 13.5625V10.0625C7.875 9.84375 8.06641 9.625 8.3125 9.625ZM9.1875 13.125C9.40625 13.125 9.625 12.9336 9.625 12.6875V10.9375C9.625 10.7188 9.40625 10.5 9.1875 10.5H8.75V13.125H9.1875ZM11.375 10.0625C11.375 9.84375 11.5664 9.625 11.8125 9.625H13.125C13.3438 9.625 13.5625 9.84375 13.5625 10.0625C13.5625 10.3086 13.3438 10.5 13.125 10.5H12.25V11.375H13.125C13.3438 11.375 13.5625 11.5938 13.5625 11.8125C13.5625 12.0586 13.3438 12.25 13.125 12.25H12.25V13.5625C12.25 13.8086 12.0312 14 11.8125 14C11.5664 14 11.375 13.8086 11.375 13.5625V11.8125V10.0625Z\" fill=\"#231F20\"><\/path><\/svg>\t\t\t<\/div>\n\t\t<\/div>\n\t\t\t\t\t\t<\/div>\n\t\t\t\t<div class=\"elementor-element elementor-element-f89fa23 elementor-widget elementor-widget-heading\" data-id=\"f89fa23\" data-element_type=\"widget\" data-widget_type=\"heading.default\">\n\t\t\t\t\t<h2 class=\"elementor-heading-title elementor-size-default\">Hor\u00e1rio e Pre\u00e7\u00e1rio - Nata\u00e7\u00e3o Livre<\/h2>\t\t\t\t<\/div>\n\t\t\t\t<\/a>\n\t\t<a class=\"elementor-element elementor-element-a4244bc e-con-full e-flex e-con e-child\" data-id=\"a4244bc\" data-element_type=\"container\" href=\"https:\/\/www.bvtaipas.com\/site\/wp-content\/uploads\/2025\/12\/Regulamento-Piscina-A4.pdf\" target=\"_blank\" rel=\"nofollow\">\n\t\t\t\t<div class=\"elementor-element elementor-element-12ddb7c elementor-view-default elementor-widget elementor-widget-icon\" data-id=\"12ddb7c\" data-element_type=\"widget\" data-widget_type=\"icon.default\">\n\t\t\t\t\t\t\t<div class=\"elementor-icon-wrapper\">\n\t\t\t<div class=\"elementor-icon\">\n\t\t\t<svg xmlns=\"http:\/\/www.w3.org\/2000\/svg\" width=\"14\" height=\"14\" viewBox=\"0 0 14 14\" fill=\"none\"><path d=\"M1.75 12.6875H2.625V14H1.75C0.765625 14 0 13.2344 0 12.25V1.75C0 0.792969 0.765625 0 1.75 0H6.26172C6.72656 0 7.16406 0.191406 7.49219 0.519531L9.98047 3.00781C10.3086 3.33594 10.5 3.77344 10.5 4.23828V7.875H9.1875V4.375H7C6.50781 4.375 6.125 3.99219 6.125 3.5V1.3125H1.75C1.50391 1.3125 1.3125 1.53125 1.3125 1.75V12.25C1.3125 12.4961 1.50391 12.6875 1.75 12.6875ZM4.8125 9.625H5.6875C6.50781 9.625 7.21875 10.3359 7.21875 11.1562C7.21875 12.0039 6.50781 12.6875 5.6875 12.6875H5.25V13.5625C5.25 13.8086 5.03125 14 4.8125 14C4.56641 14 4.375 13.8086 4.375 13.5625V12.25V10.0625C4.375 9.84375 4.56641 9.625 4.8125 9.625ZM5.6875 11.8125C6.04297 11.8125 6.34375 11.5391 6.34375 11.1562C6.34375 10.8008 6.04297 10.5 5.6875 10.5H5.25V11.8125H5.6875ZM8.3125 9.625H9.1875C9.89844 9.625 10.5 10.2266 10.5 10.9375V12.6875C10.5 13.4258 9.89844 14 9.1875 14H8.3125C8.06641 14 7.875 13.8086 7.875 13.5625V10.0625C7.875 9.84375 8.06641 9.625 8.3125 9.625ZM9.1875 13.125C9.40625 13.125 9.625 12.9336 9.625 12.6875V10.9375C9.625 10.7188 9.40625 10.5 9.1875 10.5H8.75V13.125H9.1875ZM11.375 10.0625C11.375 9.84375 11.5664 9.625 11.8125 9.625H13.125C13.3438 9.625 13.5625 9.84375 13.5625 10.0625C13.5625 10.3086 13.3438 10.5 13.125 10.5H12.25V11.375H13.125C13.3438 11.375 13.5625 11.5938 13.5625 11.8125C13.5625 12.0586 13.3438 12.25 13.125 12.25H12.25V13.5625C12.25 13.8086 12.0312 14 11.8125 14C11.5664 14 11.375 13.8086 11.375 13.5625V11.8125V10.0625Z\" fill=\"#231F20\"><\/path><\/svg>\t\t\t<\/div>\n\t\t<\/div>\n\t\t\t\t\t\t<\/div>\n\t\t\t\t<div class=\"elementor-element elementor-element-3a7e4b9 elementor-widget elementor-widget-heading\" data-id=\"3a7e4b9\" data-element_type=\"widget\" data-widget_type=\"heading.default\">\n\t\t\t\t\t<h2 class=\"elementor-heading-title elementor-size-default\">Regulamento e normas de utiliza\u00e7\u00e3o de piscina<\/h2>\t\t\t\t<\/div>\n\t\t\t\t<\/a>\n\t\t\t\t<\/div>\n\t\t<div class=\"elementor-element elementor-element-655731f e-con-full e-flex e-con e-child\" data-id=\"655731f\" data-element_type=\"container\">\n\t\t\t\t<div class=\"elementor-element elementor-element-1678782 elementor-widget elementor-widget-heading\" data-id=\"1678782\" data-element_type=\"widget\" data-widget_type=\"heading.default\">\n\t\t\t\t\t<h2 class=\"elementor-heading-title elementor-size-default\">Contactos<\/h2>\t\t\t\t<\/div>\n\t\t<div class=\"elementor-element elementor-element-ed7c9f3 e-con-full e-flex e-con e-child\" data-id=\"ed7c9f3\" data-element_type=\"container\">\n\t\t\t\t<div class=\"elementor-element elementor-element-4a68e76 elementor-widget elementor-widget-button\" data-id=\"4a68e76\" data-element_type=\"widget\" data-widget_type=\"button.default\">\n\t\t\t\t\t\t\t\t\t\t<a class=\"elementor-button elementor-button-link elementor-size-sm\" href=\"tel:253574322\">\n\t\t\t\t\t\t<span class=\"elementor-button-content-wrapper\">\n\t\t\t\t\t\t<span class=\"elementor-button-icon\">\n\t\t\t\t<svg xmlns=\"http:\/\/www.w3.org\/2000\/svg\" width=\"13\" height=\"13\" viewBox=\"0 0 13 13\" fill=\"none\"><path d=\"M8.78906 6.53906L11.4141 7.66406C11.8359 7.82812 12.0703 8.27344 11.9766 8.71875L11.4141 11.3438C11.3203 11.7656 10.9219 12.0938 10.5 12.0938C10.3359 12.0938 10.1953 12.0703 10.0547 12.0703C9.82031 12.0703 9.58594 12.0469 9.375 12.0234C4.10156 11.4609 0 7.00781 0 1.57031C0 1.14844 0.304688 0.75 0.726562 0.65625L3.35156 0.09375C3.79688 0 4.24219 0.234375 4.40625 0.65625L5.53125 3.28125C5.69531 3.65625 5.60156 4.10156 5.27344 4.35938L4.3125 5.15625C4.94531 6.23438 5.83594 7.125 6.91406 7.75781L7.71094 6.79688C7.96875 6.46875 8.41406 6.375 8.78906 6.53906ZM10.3359 10.9453L10.8281 8.625L8.48438 7.61719L7.80469 8.46094C7.45312 8.88281 6.84375 9 6.35156 8.71875C5.10938 7.99219 4.07812 6.96094 3.35156 5.71875C3.07031 5.22656 3.1875 4.61719 3.60938 4.26562L4.45312 3.58594L3.44531 1.24219L1.125 1.73438C1.19531 6.79688 5.27344 10.875 10.3359 10.9453Z\" fill=\"#5A91CC\"><\/path><\/svg>\t\t\t<\/span>\n\t\t\t\t\t\t\t\t\t<span class=\"elementor-button-text\">253 574 322*<\/span>\n\t\t\t\t\t<\/span>\n\t\t\t\t\t<\/a>\n\t\t\t\t\t\t\t\t<\/div>\n\t\t\t\t<div class=\"elementor-element elementor-element-b7d7942 elementor-widget elementor-widget-button\" data-id=\"b7d7942\" data-element_type=\"widget\" data-widget_type=\"button.default\">\n\t\t\t\t\t\t\t\t\t\t<a class=\"elementor-button elementor-button-link elementor-size-sm\" href=\"mailto:piscina@bvtaipas.com\">\n\t\t\t\t\t\t<span class=\"elementor-button-content-wrapper\">\n\t\t\t\t\t\t<span class=\"elementor-button-icon\">\n\t\t\t\t<svg xmlns=\"http:\/\/www.w3.org\/2000\/svg\" width=\"12\" height=\"9\" viewBox=\"0 0 12 9\" fill=\"none\"><path d=\"M1.5 1.125C1.28906 1.125 1.125 1.3125 1.125 1.5V2.03906L5.15625 5.34375C5.64844 5.74219 6.32812 5.74219 6.82031 5.34375L10.875 2.03906V1.5C10.875 1.3125 10.6875 1.125 10.5 1.125H1.5ZM1.125 3.49219V7.5C1.125 7.71094 1.28906 7.875 1.5 7.875H10.5C10.6875 7.875 10.875 7.71094 10.875 7.5V3.49219L7.54688 6.21094C6.63281 6.96094 5.34375 6.96094 4.45312 6.21094L1.125 3.49219ZM0 1.5C0 0.679688 0.65625 0 1.5 0H10.5C11.3203 0 12 0.679688 12 1.5V7.5C12 8.34375 11.3203 9 10.5 9H1.5C0.65625 9 0 8.34375 0 7.5V1.5Z\" fill=\"#5A91CC\"><\/path><\/svg>\t\t\t<\/span>\n\t\t\t\t\t\t\t\t\t<span class=\"elementor-button-text\">piscina@bvtaipas.com<\/span>\n\t\t\t\t\t<\/span>\n\t\t\t\t\t<\/a>\n\t\t\t\t\t\t\t\t<\/div>\n\t\t\t\t<\/div>\n\t\t\t\t<div class=\"elementor-element elementor-element-57fd515 elementor-widget elementor-widget-text-editor\" data-id=\"57fd515\" data-element_type=\"widget\" data-widget_type=\"text-editor.default\">\n\t\t\t\t\t\t\t\t\t<p>*Chamada para rede fixa m\u00f3vel<\/p>\t\t\t\t\t\t\t\t<\/div>\n\t\t\t\t<\/div>\n\t\t\t\t<\/div>\n\t\t<div class=\"elementor-element elementor-element-7a1b213 e-con-full e-flex e-con e-child\" data-id=\"7a1b213\" data-element_type=\"container\">\n\t\t\t\t<div class=\"elementor-element elementor-element-1565a09 elementor-pagination-position-inside elementor-widget elementor-widget-image-carousel\" data-id=\"1565a09\" data-element_type=\"widget\" data-settings=\"{&quot;slides_to_show&quot;:&quot;1&quot;,&quot;navigation&quot;:&quot;dots&quot;,&quot;autoplay_speed&quot;:2500,&quot;autoplay&quot;:&quot;yes&quot;,&quot;pause_on_hover&quot;:&quot;yes&quot;,&quot;pause_on_interaction&quot;:&quot;yes&quot;,&quot;infinite&quot;:&quot;yes&quot;,&quot;effect&quot;:&quot;slide&quot;,&quot;speed&quot;:500}\" data-widget_type=\"image-carousel.default\">\n\t\t\t\t\t\t\t<div class=\"elementor-image-carousel-wrapper swiper\" role=\"region\" aria-roledescription=\"carousel\" aria-label=\"Carrossel de imagens\" dir=\"ltr\">\n\t\t\t<div class=\"elementor-image-carousel swiper-wrapper\" aria-live=\"off\">\n\t\t\t\t\t\t\t\t<div class=\"swiper-slide\" role=\"group\" aria-roledescription=\"slide\" aria-label=\"1 of 3\"><figure class=\"swiper-slide-inner\"><img decoding=\"async\" class=\"swiper-slide-image\" src=\"https:\/\/www.bvtaipas.com\/site\/wp-content\/uploads\/2025\/12\/AHBVT_Piscina-3.jpg\" alt=\"AHBVT_Piscina 3\" \/><\/figure><\/div><div class=\"swiper-slide\" role=\"group\" aria-roledescription=\"slide\" aria-label=\"2 of 3\"><figure class=\"swiper-slide-inner\"><img decoding=\"async\" class=\"swiper-slide-image\" src=\"https:\/\/www.bvtaipas.com\/site\/wp-content\/uploads\/2025\/12\/AHBVT_Piscina1-1-1.jpg\" alt=\"AHBVT_Piscina1 1\" \/><\/figure><\/div><div class=\"swiper-slide\" role=\"group\" aria-roledescription=\"slide\" aria-label=\"3 of 3\"><figure class=\"swiper-slide-inner\"><img decoding=\"async\" class=\"swiper-slide-image\" src=\"https:\/\/www.bvtaipas.com\/site\/wp-content\/uploads\/2025\/12\/AHBVT_Piscina2-1-1.jpg\" alt=\"AHBVT_Piscina2 1\" \/><\/figure><\/div>\t\t\t<\/div>\n\t\t\t\t\t\t\t\n\t\t\t\t\t\t\t\t\t<div class=\"swiper-pagination\"><\/div>\n\t\t\t\t\t\t\t\t\t<\/div>\n\t\t\t\t\t\t<\/div>\n\t\t\t\t<\/div>\n\t\t\t\t\t<\/div>\n\t\t\t\t<\/div>\n\t\t\t\t<\/div>\n\t\t","protected":false},"excerpt":{"rendered":"<p>As Piscinas da Associa\u00e7\u00e3o Humanit\u00e1ria dos Bombeiros Volunt\u00e1rios das Caldas das Taipas s\u00e3o um espa\u00e7o aberto a toda a comunidade. Com infraestruturas devidamente equipadas, proporcionamos condi\u00e7\u00f5es ideais para a pr\u00e1tica de nata\u00e7\u00e3o, hidrogin\u00e1stica e outras atividades aqu\u00e1ticas, tanto para beb\u00e9s e crian\u00e7as, como para adultos. \u00a0 Venha conhecer as nossas piscinas, participar nas aulas ou [&hellip;]<\/p>\n","protected":false},"author":2,"featured_media":0,"parent":0,"menu_order":0,"comment_status":"closed","ping_status":"closed","template":"","meta":{"_acf_changed":false,"footnotes":""},"class_list":["post-56","page","type-page","status-publish","hentry"],"acf":[],"_links":{"self":[{"href":"https:\/\/www.bvtaipas.com\/site\/wp-json\/wp\/v2\/pages\/56","targetHints":{"allow":["GET"]}}],"collection":[{"href":"https:\/\/www.bvtaipas.com\/site\/wp-json\/wp\/v2\/pages"}],"about":[{"href":"https:\/\/www.bvtaipas.com\/site\/wp-json\/wp\/v2\/types\/page"}],"author":[{"embeddable":true,"href":"https:\/\/www.bvtaipas.com\/site\/wp-json\/wp\/v2\/users\/2"}],"replies":[{"embeddable":true,"href":"https:\/\/www.bvtaipas.com\/site\/wp-json\/wp\/v2\/comments?post=56"}],"version-history":[{"count":46,"href":"https:\/\/www.bvtaipas.com\/site\/wp-json\/wp\/v2\/pages\/56\/revisions"}],"predecessor-version":[{"id":1036,"href":"https:\/\/www.bvtaipas.com\/site\/wp-json\/wp\/v2\/pages\/56\/revisions\/1036"}],"wp:attachment":[{"href":"https:\/\/www.bvtaipas.com\/site\/wp-json\/wp\/v2\/media?parent=56"}],"curies":[{"name":"wp","href":"https:\/\/api.w.org\/{rel}","templated":true}]}}