{"id":58,"date":"2025-12-02T16:36:24","date_gmt":"2025-12-02T16:36:24","guid":{"rendered":"https:\/\/www.bvtaipas.com\/site\/?page_id=58"},"modified":"2025-12-09T12:10:47","modified_gmt":"2025-12-09T12:10:47","slug":"salas","status":"publish","type":"page","link":"https:\/\/www.bvtaipas.com\/site\/salas\/","title":{"rendered":"Salas"},"content":{"rendered":"\t\t<div data-elementor-type=\"wp-page\" data-elementor-id=\"58\" class=\"elementor elementor-58\" data-elementor-post-type=\"page\">\n\t\t\t\t<div class=\"elementor-element elementor-element-d06e6fb e-flex e-con-boxed e-con e-parent\" data-id=\"d06e6fb\" data-element_type=\"container\">\n\t\t\t\t\t<div class=\"e-con-inner\">\n\t\t<div class=\"elementor-element elementor-element-b98722f e-con-full e-flex e-con e-child\" data-id=\"b98722f\" data-element_type=\"container\">\n\t\t<div class=\"elementor-element elementor-element-9d0d3af e-con-full e-flex e-con e-child\" data-id=\"9d0d3af\" data-element_type=\"container\">\n\t\t\t\t<div class=\"elementor-element elementor-element-a03567f elementor-widget elementor-widget-image\" data-id=\"a03567f\" data-element_type=\"widget\" data-widget_type=\"image.default\">\n\t\t\t\t\t\t\t\t\t\t\t\t\t\t\t<img decoding=\"async\" width=\"168\" height=\"59\" src=\"https:\/\/www.bvtaipas.com\/site\/wp-content\/uploads\/2025\/12\/Salas_AHBVT.svg\" class=\"attachment-large size-large wp-image-960\" alt=\"\" \/>\t\t\t\t\t\t\t\t\t\t\t\t\t\t\t<\/div>\n\t\t\t\t<div class=\"elementor-element elementor-element-696fb75 elementor-widget elementor-widget-text-editor\" data-id=\"696fb75\" data-element_type=\"widget\" data-widget_type=\"text-editor.default\">\n\t\t\t\t\t\t\t\t\tA Associa\u00e7\u00e3o Humanit\u00e1ria dos Bombeiros Volunt\u00e1rios das Caldas das Taipas disponibiliza espa\u00e7os, vers\u00e1teis e bem equipados para a realiza\u00e7\u00e3o de reuni\u00f5es, forma\u00e7\u00f5es, confer\u00eancias, workshops e eventos institucionais ou empresariais.<br> Veja as nossa salas abaixo.\t\t\t\t\t\t\t\t<\/div>\n\t\t\t\t<div class=\"elementor-element elementor-element-a2f2b50 elementor-widget elementor-widget-text-editor\" data-id=\"a2f2b50\" data-element_type=\"widget\" data-widget_type=\"text-editor.default\">\n\t\t\t\t\t\t\t\t\t<p><strong>Nota: A reserva de salas encontra-se temporariamente indispon\u00edvel.<\/strong><\/p>\t\t\t\t\t\t\t\t<\/div>\n\t\t\t\t<div class=\"elementor-element elementor-element-cf71a82 elementor-widget elementor-widget-button\" data-id=\"cf71a82\" data-element_type=\"widget\" data-widget_type=\"button.default\">\n\t\t\t\t\t\t\t\t\t\t<a class=\"elementor-button elementor-button-link elementor-size-sm\" href=\"mailto:direcao@bvtaipas.com\">\n\t\t\t\t\t\t<span class=\"elementor-button-content-wrapper\">\n\t\t\t\t\t\t<span class=\"elementor-button-icon\">\n\t\t\t\t<svg xmlns=\"http:\/\/www.w3.org\/2000\/svg\" width=\"12\" height=\"9\" viewBox=\"0 0 12 9\" fill=\"none\"><path d=\"M1.5 1.125C1.28906 1.125 1.125 1.3125 1.125 1.5V2.03906L5.15625 5.34375C5.64844 5.74219 6.32812 5.74219 6.82031 5.34375L10.875 2.03906V1.5C10.875 1.3125 10.6875 1.125 10.5 1.125H1.5ZM1.125 3.49219V7.5C1.125 7.71094 1.28906 7.875 1.5 7.875H10.5C10.6875 7.875 10.875 7.71094 10.875 7.5V3.49219L7.54688 6.21094C6.63281 6.96094 5.34375 6.96094 4.45312 6.21094L1.125 3.49219ZM0 1.5C0 0.679688 0.65625 0 1.5 0H10.5C11.3203 0 12 0.679688 12 1.5V7.5C12 8.34375 11.3203 9 10.5 9H1.5C0.65625 9 0 8.34375 0 7.5V1.5Z\" fill=\"#BF733A\"><\/path><\/svg>\t\t\t<\/span>\n\t\t\t\t\t\t\t\t\t<span class=\"elementor-button-text\">direcao@bvtaipas.com<\/span>\n\t\t\t\t\t<\/span>\n\t\t\t\t\t<\/a>\n\t\t\t\t\t\t\t\t<\/div>\n\t\t\t\t<\/div>\n\t\t<div class=\"elementor-element elementor-element-aa72333 e-con-full e-flex e-con e-child\" data-id=\"aa72333\" data-element_type=\"container\">\n\t\t\t\t<\/div>\n\t\t\t\t<\/div>\n\t\t<div class=\"elementor-element elementor-element-37e9c64 e-grid e-con-full e-con e-child\" data-id=\"37e9c64\" data-element_type=\"container\">\n\t\t<div class=\"elementor-element elementor-element-2b07029 e-con-full e-flex e-con e-child\" data-id=\"2b07029\" data-element_type=\"container\">\n\t\t\t\t<div class=\"elementor-element elementor-element-7ac89ed elementor-pagination-position-inside elementor-widget elementor-widget-image-carousel\" data-id=\"7ac89ed\" data-element_type=\"widget\" data-settings=\"{&quot;slides_to_show&quot;:&quot;1&quot;,&quot;navigation&quot;:&quot;dots&quot;,&quot;autoplay_speed&quot;:2500,&quot;autoplay&quot;:&quot;yes&quot;,&quot;pause_on_hover&quot;:&quot;yes&quot;,&quot;pause_on_interaction&quot;:&quot;yes&quot;,&quot;infinite&quot;:&quot;yes&quot;,&quot;effect&quot;:&quot;slide&quot;,&quot;speed&quot;:500}\" data-widget_type=\"image-carousel.default\">\n\t\t\t\t\t\t\t<div class=\"elementor-image-carousel-wrapper swiper\" role=\"region\" aria-roledescription=\"carousel\" aria-label=\"Carrossel de imagens\" dir=\"ltr\">\n\t\t\t<div class=\"elementor-image-carousel swiper-wrapper\" aria-live=\"off\">\n\t\t\t\t\t\t\t\t<div class=\"swiper-slide\" role=\"group\" aria-roledescription=\"slide\" aria-label=\"1 of 2\"><figure class=\"swiper-slide-inner\"><img decoding=\"async\" class=\"swiper-slide-image\" src=\"https:\/\/www.bvtaipas.com\/site\/wp-content\/uploads\/2025\/12\/f6f5ca85-58c7-46ba-b3e1-cc01b88c0f40.jpg\" alt=\"f6f5ca85-58c7-46ba-b3e1-cc01b88c0f40\" \/><\/figure><\/div><div class=\"swiper-slide\" role=\"group\" aria-roledescription=\"slide\" aria-label=\"2 of 2\"><figure class=\"swiper-slide-inner\"><img decoding=\"async\" class=\"swiper-slide-image\" src=\"https:\/\/www.bvtaipas.com\/site\/wp-content\/uploads\/2025\/12\/c286065e-09fa-41d9-936b-c2c865e30afc.jpg\" alt=\"c286065e-09fa-41d9-936b-c2c865e30afc\" \/><\/figure><\/div>\t\t\t<\/div>\n\t\t\t\t\t\t\t\n\t\t\t\t\t\t\t\t\t<div class=\"swiper-pagination\"><\/div>\n\t\t\t\t\t\t\t\t\t<\/div>\n\t\t\t\t\t\t<\/div>\n\t\t<div class=\"elementor-element elementor-element-f214b40 e-con-full e-flex e-con e-child\" data-id=\"f214b40\" data-element_type=\"container\">\n\t\t\t\t<div class=\"elementor-element elementor-element-cf5019f elementor-widget elementor-widget-heading\" data-id=\"cf5019f\" data-element_type=\"widget\" data-widget_type=\"heading.default\">\n\t\t\t\t\t<h2 class=\"elementor-heading-title elementor-size-default\">Sala de Forma\u00e7\u00e3o 1<\/h2>\t\t\t\t<\/div>\n\t\t\t\t<div class=\"elementor-element elementor-element-aebe552 elementor-widget elementor-widget-text-editor\" data-id=\"aebe552\" data-element_type=\"widget\" data-widget_type=\"text-editor.default\">\n\t\t\t\t\t\t\t\t\t<p><strong>Capacidade<\/strong>: 9 formandos.<br \/><strong>Equipamento:<\/strong> Um Quadro branco, um projetor,\u00a0ilumina\u00e7\u00e3o natural,\u00a0ilumina\u00e7\u00e3o artificial\u00a0e ar condicionado.<br \/><strong>Localiza\u00e7\u00e3o:<\/strong> Casa Escola (Quartel)<\/p>\t\t\t\t\t\t\t\t<\/div>\n\t\t\t\t<\/div>\n\t\t\t\t<\/div>\n\t\t<div class=\"elementor-element elementor-element-0eb76e4 e-con-full e-flex e-con e-child\" data-id=\"0eb76e4\" data-element_type=\"container\">\n\t\t\t\t<div class=\"elementor-element elementor-element-3c7acc6 elementor-pagination-position-inside elementor-widget elementor-widget-image-carousel\" data-id=\"3c7acc6\" data-element_type=\"widget\" data-settings=\"{&quot;slides_to_show&quot;:&quot;1&quot;,&quot;navigation&quot;:&quot;dots&quot;,&quot;autoplay_speed&quot;:2500,&quot;autoplay&quot;:&quot;yes&quot;,&quot;pause_on_hover&quot;:&quot;yes&quot;,&quot;pause_on_interaction&quot;:&quot;yes&quot;,&quot;infinite&quot;:&quot;yes&quot;,&quot;effect&quot;:&quot;slide&quot;,&quot;speed&quot;:500}\" data-widget_type=\"image-carousel.default\">\n\t\t\t\t\t\t\t<div class=\"elementor-image-carousel-wrapper swiper\" role=\"region\" aria-roledescription=\"carousel\" aria-label=\"Carrossel de imagens\" dir=\"ltr\">\n\t\t\t<div class=\"elementor-image-carousel swiper-wrapper\" aria-live=\"off\">\n\t\t\t\t\t\t\t\t<div class=\"swiper-slide\" role=\"group\" aria-roledescription=\"slide\" aria-label=\"1 of 2\"><figure class=\"swiper-slide-inner\"><img decoding=\"async\" class=\"swiper-slide-image\" src=\"https:\/\/www.bvtaipas.com\/site\/wp-content\/uploads\/2025\/12\/62418da4-26d1-4e33-85a1-05e8f8d44f3f.jpg\" alt=\"62418da4-26d1-4e33-85a1-05e8f8d44f3f\" \/><\/figure><\/div><div class=\"swiper-slide\" role=\"group\" aria-roledescription=\"slide\" aria-label=\"2 of 2\"><figure class=\"swiper-slide-inner\"><img decoding=\"async\" class=\"swiper-slide-image\" src=\"https:\/\/www.bvtaipas.com\/site\/wp-content\/uploads\/2025\/12\/d8d92f8c-1f48-4eb9-8925-714ba71ee233.jpg\" alt=\"d8d92f8c-1f48-4eb9-8925-714ba71ee233\" \/><\/figure><\/div>\t\t\t<\/div>\n\t\t\t\t\t\t\t\n\t\t\t\t\t\t\t\t\t<div class=\"swiper-pagination\"><\/div>\n\t\t\t\t\t\t\t\t\t<\/div>\n\t\t\t\t\t\t<\/div>\n\t\t<div class=\"elementor-element elementor-element-bf1b731 e-con-full e-flex e-con e-child\" data-id=\"bf1b731\" data-element_type=\"container\">\n\t\t\t\t<div class=\"elementor-element elementor-element-b8a8d47 elementor-widget elementor-widget-heading\" data-id=\"b8a8d47\" data-element_type=\"widget\" data-widget_type=\"heading.default\">\n\t\t\t\t\t<h2 class=\"elementor-heading-title elementor-size-default\">Sala de Forma\u00e7\u00e3o 2<\/h2>\t\t\t\t<\/div>\n\t\t\t\t<div class=\"elementor-element elementor-element-15603a2 elementor-widget elementor-widget-text-editor\" data-id=\"15603a2\" data-element_type=\"widget\" data-widget_type=\"text-editor.default\">\n\t\t\t\t\t\t\t\t\t<p><strong>Capacidade<\/strong>: 9 formandos.<br \/><strong>Equipamento:<\/strong> Um Quadro branco, um projetor,\u00a0ilumina\u00e7\u00e3o natural,\u00a0ilumina\u00e7\u00e3o artificial\u00a0e ar condicionado.<br \/><strong>Localiza\u00e7\u00e3o:<\/strong> Casa Escola (Quartel)<\/p>\t\t\t\t\t\t\t\t<\/div>\n\t\t\t\t<\/div>\n\t\t\t\t<\/div>\n\t\t<div class=\"elementor-element elementor-element-69e1b38 e-con-full e-flex e-con e-child\" data-id=\"69e1b38\" data-element_type=\"container\">\n\t\t\t\t<div class=\"elementor-element elementor-element-f4f6929 elementor-pagination-position-inside elementor-widget elementor-widget-image-carousel\" data-id=\"f4f6929\" data-element_type=\"widget\" data-settings=\"{&quot;slides_to_show&quot;:&quot;1&quot;,&quot;navigation&quot;:&quot;dots&quot;,&quot;autoplay_speed&quot;:2500,&quot;autoplay&quot;:&quot;yes&quot;,&quot;pause_on_hover&quot;:&quot;yes&quot;,&quot;pause_on_interaction&quot;:&quot;yes&quot;,&quot;infinite&quot;:&quot;yes&quot;,&quot;effect&quot;:&quot;slide&quot;,&quot;speed&quot;:500}\" data-widget_type=\"image-carousel.default\">\n\t\t\t\t\t\t\t<div class=\"elementor-image-carousel-wrapper swiper\" role=\"region\" aria-roledescription=\"carousel\" aria-label=\"Carrossel de imagens\" dir=\"ltr\">\n\t\t\t<div class=\"elementor-image-carousel swiper-wrapper\" aria-live=\"off\">\n\t\t\t\t\t\t\t\t<div class=\"swiper-slide\" role=\"group\" aria-roledescription=\"slide\" aria-label=\"1 of 2\"><figure class=\"swiper-slide-inner\"><img decoding=\"async\" class=\"swiper-slide-image\" src=\"https:\/\/www.bvtaipas.com\/site\/wp-content\/uploads\/2025\/12\/4a5a80e6-b9c8-44c0-a4b7-1552fd92021e.jpg\" alt=\"4a5a80e6-b9c8-44c0-a4b7-1552fd92021e\" \/><\/figure><\/div><div class=\"swiper-slide\" role=\"group\" aria-roledescription=\"slide\" aria-label=\"2 of 2\"><figure class=\"swiper-slide-inner\"><img decoding=\"async\" class=\"swiper-slide-image\" src=\"https:\/\/www.bvtaipas.com\/site\/wp-content\/uploads\/2025\/12\/ee7cf5be-23cc-4897-a92e-797b5c58115f.jpg\" alt=\"ee7cf5be-23cc-4897-a92e-797b5c58115f\" \/><\/figure><\/div>\t\t\t<\/div>\n\t\t\t\t\t\t\t\n\t\t\t\t\t\t\t\t\t<div class=\"swiper-pagination\"><\/div>\n\t\t\t\t\t\t\t\t\t<\/div>\n\t\t\t\t\t\t<\/div>\n\t\t<div class=\"elementor-element elementor-element-effb2ce e-con-full e-flex e-con e-child\" data-id=\"effb2ce\" data-element_type=\"container\">\n\t\t\t\t<div class=\"elementor-element elementor-element-0ee8d42 elementor-widget elementor-widget-heading\" data-id=\"0ee8d42\" data-element_type=\"widget\" data-widget_type=\"heading.default\">\n\t\t\t\t\t<h2 class=\"elementor-heading-title elementor-size-default\">Sala de Forma\u00e7\u00e3o 3<\/h2>\t\t\t\t<\/div>\n\t\t\t\t<div class=\"elementor-element elementor-element-5ac8a77 elementor-widget elementor-widget-text-editor\" data-id=\"5ac8a77\" data-element_type=\"widget\" data-widget_type=\"text-editor.default\">\n\t\t\t\t\t\t\t\t\t<p><strong>Capacidade<\/strong>: 9 formandos.<br \/><strong>Equipamento:<\/strong> Um Quadro branco, um projetor,\u00a0ilumina\u00e7\u00e3o natural,\u00a0ilumina\u00e7\u00e3o artificial\u00a0e ar condicionado.<br \/><strong>Localiza\u00e7\u00e3o:<\/strong> Servi\u00e7os Administrativos da A.H.B.V.T.<\/p>\t\t\t\t\t\t\t\t<\/div>\n\t\t\t\t<\/div>\n\t\t\t\t<\/div>\n\t\t<div class=\"elementor-element elementor-element-10098fa e-con-full e-flex e-con e-child\" data-id=\"10098fa\" data-element_type=\"container\">\n\t\t\t\t<div class=\"elementor-element elementor-element-d8d9cab elementor-pagination-position-inside elementor-widget elementor-widget-image-carousel\" data-id=\"d8d9cab\" data-element_type=\"widget\" data-settings=\"{&quot;slides_to_show&quot;:&quot;1&quot;,&quot;navigation&quot;:&quot;dots&quot;,&quot;autoplay_speed&quot;:2500,&quot;autoplay&quot;:&quot;yes&quot;,&quot;pause_on_hover&quot;:&quot;yes&quot;,&quot;pause_on_interaction&quot;:&quot;yes&quot;,&quot;infinite&quot;:&quot;yes&quot;,&quot;effect&quot;:&quot;slide&quot;,&quot;speed&quot;:500}\" data-widget_type=\"image-carousel.default\">\n\t\t\t\t\t\t\t<div class=\"elementor-image-carousel-wrapper swiper\" role=\"region\" aria-roledescription=\"carousel\" aria-label=\"Carrossel de imagens\" dir=\"ltr\">\n\t\t\t<div class=\"elementor-image-carousel swiper-wrapper\" aria-live=\"off\">\n\t\t\t\t\t\t\t\t<div class=\"swiper-slide\" role=\"group\" aria-roledescription=\"slide\" aria-label=\"1 of 2\"><figure class=\"swiper-slide-inner\"><img decoding=\"async\" class=\"swiper-slide-image\" src=\"https:\/\/www.bvtaipas.com\/site\/wp-content\/uploads\/2025\/12\/acba30c4-634b-4034-8e60-85dc7ee36f2a.jpg\" alt=\"acba30c4-634b-4034-8e60-85dc7ee36f2a\" \/><\/figure><\/div><div class=\"swiper-slide\" role=\"group\" aria-roledescription=\"slide\" aria-label=\"2 of 2\"><figure class=\"swiper-slide-inner\"><img decoding=\"async\" class=\"swiper-slide-image\" src=\"https:\/\/www.bvtaipas.com\/site\/wp-content\/uploads\/2025\/12\/b69c3a2d-55ed-4bd8-8000-7f2082a553f3.jpg\" alt=\"b69c3a2d-55ed-4bd8-8000-7f2082a553f3\" \/><\/figure><\/div>\t\t\t<\/div>\n\t\t\t\t\t\t\t\n\t\t\t\t\t\t\t\t\t<div class=\"swiper-pagination\"><\/div>\n\t\t\t\t\t\t\t\t\t<\/div>\n\t\t\t\t\t\t<\/div>\n\t\t<div class=\"elementor-element elementor-element-4557891 e-con-full e-flex e-con e-child\" data-id=\"4557891\" data-element_type=\"container\">\n\t\t\t\t<div class=\"elementor-element elementor-element-d9fa468 elementor-widget elementor-widget-heading\" data-id=\"d9fa468\" data-element_type=\"widget\" data-widget_type=\"heading.default\">\n\t\t\t\t\t<h2 class=\"elementor-heading-title elementor-size-default\">Sala de Forma\u00e7\u00e3o 4<\/h2>\t\t\t\t<\/div>\n\t\t\t\t<div class=\"elementor-element elementor-element-b477565 elementor-widget elementor-widget-text-editor\" data-id=\"b477565\" data-element_type=\"widget\" data-widget_type=\"text-editor.default\">\n\t\t\t\t\t\t\t\t\t<p><strong>Capacidade<\/strong>: 16 formandos.<br \/><strong>Equipamento:<\/strong> Um Quadro branco, um projetor,\u00a0ilumina\u00e7\u00e3o natural,\u00a0ilumina\u00e7\u00e3o artificial\u00a0e ar condicionado.<br \/><strong>Localiza\u00e7\u00e3o:<\/strong> Unidade Local de Forma\u00e7\u00e3o (ULF)<\/p>\t\t\t\t\t\t\t\t<\/div>\n\t\t\t\t<\/div>\n\t\t\t\t<\/div>\n\t\t<div class=\"elementor-element elementor-element-60a9717 e-con-full e-flex e-con e-child\" data-id=\"60a9717\" data-element_type=\"container\">\n\t\t\t\t<div class=\"elementor-element elementor-element-5c70f5f elementor-pagination-position-inside elementor-widget elementor-widget-image-carousel\" data-id=\"5c70f5f\" data-element_type=\"widget\" data-settings=\"{&quot;slides_to_show&quot;:&quot;1&quot;,&quot;navigation&quot;:&quot;dots&quot;,&quot;autoplay_speed&quot;:2500,&quot;autoplay&quot;:&quot;yes&quot;,&quot;pause_on_hover&quot;:&quot;yes&quot;,&quot;pause_on_interaction&quot;:&quot;yes&quot;,&quot;infinite&quot;:&quot;yes&quot;,&quot;effect&quot;:&quot;slide&quot;,&quot;speed&quot;:500}\" data-widget_type=\"image-carousel.default\">\n\t\t\t\t\t\t\t<div class=\"elementor-image-carousel-wrapper swiper\" role=\"region\" aria-roledescription=\"carousel\" aria-label=\"Carrossel de imagens\" dir=\"ltr\">\n\t\t\t<div class=\"elementor-image-carousel swiper-wrapper\" aria-live=\"off\">\n\t\t\t\t\t\t\t\t<div class=\"swiper-slide\" role=\"group\" aria-roledescription=\"slide\" aria-label=\"1 of 1\"><figure class=\"swiper-slide-inner\"><img decoding=\"async\" class=\"swiper-slide-image\" src=\"https:\/\/www.bvtaipas.com\/site\/wp-content\/uploads\/2025\/12\/51f9d5ea-2b9a-4881-8860-1b7606757864-1.jpg\" alt=\"51f9d5ea-2b9a-4881-8860-1b7606757864 1\" \/><\/figure><\/div>\t\t\t<\/div>\n\t\t\t\t\t<\/div>\n\t\t\t\t\t\t<\/div>\n\t\t<div class=\"elementor-element elementor-element-ff854b8 e-con-full e-flex e-con e-child\" data-id=\"ff854b8\" data-element_type=\"container\">\n\t\t\t\t<div class=\"elementor-element elementor-element-8eb0745 elementor-widget elementor-widget-heading\" data-id=\"8eb0745\" data-element_type=\"widget\" data-widget_type=\"heading.default\">\n\t\t\t\t\t<h2 class=\"elementor-heading-title elementor-size-default\">Audit\u00f3rio<\/h2>\t\t\t\t<\/div>\n\t\t\t\t<div class=\"elementor-element elementor-element-7080449 elementor-widget elementor-widget-text-editor\" data-id=\"7080449\" data-element_type=\"widget\" data-widget_type=\"text-editor.default\">\n\t\t\t\t\t\t\t\t\t<p><strong>Capacidade<\/strong>: 233 pessoas.<\/p>\t\t\t\t\t\t\t\t<\/div>\n\t\t\t\t<\/div>\n\t\t\t\t<\/div>\n\t\t<div class=\"elementor-element elementor-element-d2ce39b e-con-full e-flex e-con e-child\" data-id=\"d2ce39b\" data-element_type=\"container\">\n\t\t\t\t<div class=\"elementor-element elementor-element-d51c0a6 elementor-pagination-position-inside elementor-widget elementor-widget-image-carousel\" data-id=\"d51c0a6\" data-element_type=\"widget\" data-settings=\"{&quot;slides_to_show&quot;:&quot;1&quot;,&quot;navigation&quot;:&quot;dots&quot;,&quot;autoplay_speed&quot;:2500,&quot;autoplay&quot;:&quot;yes&quot;,&quot;pause_on_hover&quot;:&quot;yes&quot;,&quot;pause_on_interaction&quot;:&quot;yes&quot;,&quot;infinite&quot;:&quot;yes&quot;,&quot;effect&quot;:&quot;slide&quot;,&quot;speed&quot;:500}\" data-widget_type=\"image-carousel.default\">\n\t\t\t\t\t\t\t<div class=\"elementor-image-carousel-wrapper swiper\" role=\"region\" aria-roledescription=\"carousel\" aria-label=\"Carrossel de imagens\" dir=\"ltr\">\n\t\t\t<div class=\"elementor-image-carousel swiper-wrapper\" aria-live=\"off\">\n\t\t\t\t\t\t\t\t<div class=\"swiper-slide\" role=\"group\" aria-roledescription=\"slide\" aria-label=\"1 of 1\"><figure class=\"swiper-slide-inner\"><img decoding=\"async\" class=\"swiper-slide-image\" src=\"https:\/\/www.bvtaipas.com\/site\/wp-content\/uploads\/2025\/12\/21ecf51b-d67d-4e4d-857f-7fa618731718-1.jpg\" alt=\"21ecf51b-d67d-4e4d-857f-7fa618731718 1\" \/><\/figure><\/div>\t\t\t<\/div>\n\t\t\t\t\t<\/div>\n\t\t\t\t\t\t<\/div>\n\t\t<div class=\"elementor-element elementor-element-c8c2439 e-con-full e-flex e-con e-child\" data-id=\"c8c2439\" data-element_type=\"container\">\n\t\t\t\t<div class=\"elementor-element elementor-element-9be3cf0 elementor-widget elementor-widget-heading\" data-id=\"9be3cf0\" data-element_type=\"widget\" data-widget_type=\"heading.default\">\n\t\t\t\t\t<h2 class=\"elementor-heading-title elementor-size-default\">Sal\u00e3o Nobre<\/h2>\t\t\t\t<\/div>\n\t\t\t\t<div class=\"elementor-element elementor-element-66652e6 elementor-widget elementor-widget-text-editor\" data-id=\"66652e6\" data-element_type=\"widget\" data-widget_type=\"text-editor.default\">\n\t\t\t\t\t\t\t\t\t<p><b>Informa\u00e7\u00f5es: <\/b>Sob consulta.<\/p>\t\t\t\t\t\t\t\t<\/div>\n\t\t\t\t<\/div>\n\t\t\t\t<\/div>\n\t\t\t\t<\/div>\n\t\t\t\t\t<\/div>\n\t\t\t\t<\/div>\n\t\t\t\t<\/div>\n\t\t","protected":false},"excerpt":{"rendered":"<p>A Associa\u00e7\u00e3o Humanit\u00e1ria dos Bombeiros Volunt\u00e1rios das Caldas das Taipas disponibiliza espa\u00e7os, vers\u00e1teis e bem equipados para a realiza\u00e7\u00e3o de reuni\u00f5es, forma\u00e7\u00f5es, confer\u00eancias, workshops e eventos institucionais ou empresariais. Veja as nossa salas abaixo. Nota: A reserva de salas encontra-se temporariamente indispon\u00edvel. direcao@bvtaipas.com Sala de Forma\u00e7\u00e3o 1 Capacidade: 9 formandos.Equipamento: Um Quadro branco, um projetor,\u00a0ilumina\u00e7\u00e3o [&hellip;]<\/p>\n","protected":false},"author":2,"featured_media":0,"parent":0,"menu_order":0,"comment_status":"closed","ping_status":"closed","template":"","meta":{"_acf_changed":false,"footnotes":""},"class_list":["post-58","page","type-page","status-publish","hentry"],"acf":[],"_links":{"self":[{"href":"https:\/\/www.bvtaipas.com\/site\/wp-json\/wp\/v2\/pages\/58","targetHints":{"allow":["GET"]}}],"collection":[{"href":"https:\/\/www.bvtaipas.com\/site\/wp-json\/wp\/v2\/pages"}],"about":[{"href":"https:\/\/www.bvtaipas.com\/site\/wp-json\/wp\/v2\/types\/page"}],"author":[{"embeddable":true,"href":"https:\/\/www.bvtaipas.com\/site\/wp-json\/wp\/v2\/users\/2"}],"replies":[{"embeddable":true,"href":"https:\/\/www.bvtaipas.com\/site\/wp-json\/wp\/v2\/comments?post=58"}],"version-history":[{"count":32,"href":"https:\/\/www.bvtaipas.com\/site\/wp-json\/wp\/v2\/pages\/58\/revisions"}],"predecessor-version":[{"id":1092,"href":"https:\/\/www.bvtaipas.com\/site\/wp-json\/wp\/v2\/pages\/58\/revisions\/1092"}],"wp:attachment":[{"href":"https:\/\/www.bvtaipas.com\/site\/wp-json\/wp\/v2\/media?parent=58"}],"curies":[{"name":"wp","href":"https:\/\/api.w.org\/{rel}","templated":true}]}}